{"id":1238,"date":"2025-02-05T18:15:11","date_gmt":"2025-02-05T21:15:11","guid":{"rendered":"https:\/\/pousadapequizeiro.com.br\/wp-site\/?page_id=1238"},"modified":"2025-04-04T17:32:36","modified_gmt":"2025-04-04T20:32:36","slug":"suite-dupla-standard","status":"publish","type":"page","link":"https:\/\/pousadapequizeiro.com.br\/wp-site\/suite-dupla-standard\/","title":{"rendered":"Su\u00edte Dupla Standard"},"content":{"rendered":"\n<p>Conforto e simplicidade para sua estadia. Quarto com cama de casal, ventilador e banheiro privativo.<\/p>\n\n\n\n<figure class=\"wp-block-gallery has-nested-images columns-5 is-cropped wp-block-gallery-1 is-layout-flex wp-block-gallery-is-layout-flex\">\n<figure class=\"wp-block-image size-large\"><a href=\"https:\/\/pousadapequizeiro.com.br\/wp-site\/wp-content\/uploads\/2025\/02\/IMG_9391-scaled.jpg\"><img fetchpriority=\"high\" decoding=\"async\" width=\"768\" height=\"1024\" data-id=\"1162\" src=\"https:\/\/pousadapequizeiro.com.br\/wp-site\/wp-content\/uploads\/2025\/02\/IMG_9391-768x1024.jpg\" alt=\"\" class=\"wp-image-1162\" srcset=\"https:\/\/pousadapequizeiro.com.br\/wp-site\/wp-content\/uploads\/2025\/02\/IMG_9391-768x1024.jpg 768w, https:\/\/pousadapequizeiro.com.br\/wp-site\/wp-content\/uploads\/2025\/02\/IMG_9391-scaled-350x467.jpg 350w, https:\/\/pousadapequizeiro.com.br\/wp-site\/wp-content\/uploads\/2025\/02\/IMG_9391-225x300.jpg 225w, https:\/\/pousadapequizeiro.com.br\/wp-site\/wp-content\/uploads\/2025\/02\/IMG_9391-1152x1536.jpg 1152w, https:\/\/pousadapequizeiro.com.br\/wp-site\/wp-content\/uploads\/2025\/02\/IMG_9391-1536x2048.jpg 1536w, https:\/\/pousadapequizeiro.com.br\/wp-site\/wp-content\/uploads\/2025\/02\/IMG_9391-scaled.jpg 1920w\" sizes=\"(max-width: 767px) 89vw, (max-width: 1000px) 54vw, (max-width: 1071px) 543px, 580px\" \/><\/a><\/figure>\n\n\n\n<figure class=\"wp-block-image size-large\"><a href=\"https:\/\/pousadapequizeiro.com.br\/wp-site\/wp-content\/uploads\/2025\/02\/IMG_9393-scaled.jpg\"><img decoding=\"async\" width=\"768\" height=\"1024\" data-id=\"1167\" src=\"https:\/\/pousadapequizeiro.com.br\/wp-site\/wp-content\/uploads\/2025\/02\/IMG_9393-768x1024.jpg\" alt=\"\" class=\"wp-image-1167\" srcset=\"https:\/\/pousadapequizeiro.com.br\/wp-site\/wp-content\/uploads\/2025\/02\/IMG_9393-768x1024.jpg 768w, https:\/\/pousadapequizeiro.com.br\/wp-site\/wp-content\/uploads\/2025\/02\/IMG_9393-scaled-350x467.jpg 350w, https:\/\/pousadapequizeiro.com.br\/wp-site\/wp-content\/uploads\/2025\/02\/IMG_9393-225x300.jpg 225w, https:\/\/pousadapequizeiro.com.br\/wp-site\/wp-content\/uploads\/2025\/02\/IMG_9393-1152x1536.jpg 1152w, https:\/\/pousadapequizeiro.com.br\/wp-site\/wp-content\/uploads\/2025\/02\/IMG_9393-1536x2048.jpg 1536w, https:\/\/pousadapequizeiro.com.br\/wp-site\/wp-content\/uploads\/2025\/02\/IMG_9393-scaled.jpg 1920w\" sizes=\"(max-width: 767px) 89vw, (max-width: 1000px) 54vw, (max-width: 1071px) 543px, 580px\" \/><\/a><\/figure>\n<\/figure>\n\n\n\n<figure style=\"width:800px;height:480px\" class=\"wp-block-algori-360-image-block-algori-360-image alignundefined\"><a-scene loading-screen=\"enabled: false;\" device-orientation-permission-ui=\"enabled: false\" embedded=\"\"><a-entity camera=\"\" look-controls=\"reverseMouseDrag: true\"><\/a-entity><a-sky src=\"https:\/\/pousadapequizeiro.com.br\/wp-site\/wp-content\/uploads\/2025\/04\/dji_fly_20250328_132034_75_1743179011423_pano_optimized-scaled.jpg\"><\/a-sky><\/a-scene><\/figure>\n","protected":false},"excerpt":{"rendered":"<p>Conforto e simplicidade para sua estadia. Quarto com cama de casal, ventilador e banheiro privativo.<\/p>\n","protected":false},"author":1,"featured_media":0,"parent":0,"menu_order":0,"comment_status":"closed","ping_status":"closed","template":"","meta":{"footnotes":""},"class_list":["post-1238","page","type-page","status-publish","hentry"],"yoast_head":"<!-- This site is optimized with the Yoast SEO plugin v27.5 - https:\/\/yoast.com\/product\/yoast-seo-wordpress\/ -->\n<title>Su\u00edte Dupla Standard - Pequizeiro Eco Pousada Eco Pousada - Chapada dos Veadeiros<\/title>\n<meta name=\"description\" content=\"Su\u00edte Dupla Standard - Pequizeiro Eco Pousada Eco Pousada - Hospedagem Sustent\u00e1vel na Chapada dos Veadeiros - Cavalcante - GO\" \/>\n<meta name=\"robots\" content=\"index, follow, max-snippet:-1, max-image-preview:large, max-video-preview:-1\" \/>\n<link rel=\"canonical\" href=\"https:\/\/pousadapequizeiro.com.br\/wp-site\/suite-dupla-standard\/\" \/>\n<meta property=\"og:locale\" content=\"pt_BR\" \/>\n<meta property=\"og:type\" content=\"article\" \/>\n<meta property=\"og:title\" content=\"Su\u00edte Dupla Standard - Pequizeiro Eco Pousada Eco Pousada - Chapada dos Veadeiros\" \/>\n<meta property=\"og:description\" content=\"Su\u00edte Dupla Standard - Pequizeiro Eco Pousada Eco Pousada - Hospedagem Sustent\u00e1vel na Chapada dos Veadeiros - Cavalcante - GO\" \/>\n<meta property=\"og:url\" content=\"https:\/\/pousadapequizeiro.com.br\/wp-site\/suite-dupla-standard\/\" \/>\n<meta property=\"og:site_name\" content=\"Pequizeiro Eco Pousada\" \/>\n<meta property=\"article:publisher\" content=\"https:\/\/www.facebook.com\/pequizeiroecopousada\" \/>\n<meta property=\"article:modified_time\" content=\"2025-04-04T20:32:36+00:00\" \/>\n<meta property=\"og:image\" content=\"https:\/\/pousadapequizeiro.com.br\/wp-site\/wp-content\/uploads\/2025\/02\/IMG_9391-scaled.jpg\" \/>\n\t<meta property=\"og:image:width\" content=\"1920\" \/>\n\t<meta property=\"og:image:height\" content=\"2560\" \/>\n\t<meta property=\"og:image:type\" content=\"image\/jpeg\" \/>\n<meta name=\"twitter:card\" content=\"summary_large_image\" \/>\n<meta name=\"twitter:label1\" content=\"Est. tempo de leitura\" \/>\n\t<meta name=\"twitter:data1\" content=\"1 minuto\" \/>\n<script type=\"application\/ld+json\" class=\"yoast-schema-graph\">{\"@context\":\"https:\\\/\\\/schema.org\",\"@graph\":[{\"@type\":\"WebPage\",\"@id\":\"https:\\\/\\\/pousadapequizeiro.com.br\\\/wp-site\\\/suite-dupla-standard\\\/\",\"url\":\"https:\\\/\\\/pousadapequizeiro.com.br\\\/wp-site\\\/suite-dupla-standard\\\/\",\"name\":\"Su\u00edte Dupla Standard - Pequizeiro Eco Pousada Eco Pousada - Chapada dos Veadeiros\",\"isPartOf\":{\"@id\":\"https:\\\/\\\/pousadapequizeiro.com.br\\\/wp-site\\\/#website\"},\"primaryImageOfPage\":{\"@id\":\"https:\\\/\\\/pousadapequizeiro.com.br\\\/wp-site\\\/suite-dupla-standard\\\/#primaryimage\"},\"image\":{\"@id\":\"https:\\\/\\\/pousadapequizeiro.com.br\\\/wp-site\\\/suite-dupla-standard\\\/#primaryimage\"},\"thumbnailUrl\":\"https:\\\/\\\/pousadapequizeiro.com.br\\\/wp-site\\\/wp-content\\\/uploads\\\/2025\\\/02\\\/IMG_9391-768x1024.jpg\",\"datePublished\":\"2025-02-05T21:15:11+00:00\",\"dateModified\":\"2025-04-04T20:32:36+00:00\",\"description\":\"Su\u00edte Dupla Standard - Pequizeiro Eco Pousada Eco Pousada - Hospedagem Sustent\u00e1vel na Chapada dos Veadeiros - Cavalcante - GO\",\"breadcrumb\":{\"@id\":\"https:\\\/\\\/pousadapequizeiro.com.br\\\/wp-site\\\/suite-dupla-standard\\\/#breadcrumb\"},\"inLanguage\":\"pt-BR\",\"potentialAction\":[{\"@type\":\"ReadAction\",\"target\":[\"https:\\\/\\\/pousadapequizeiro.com.br\\\/wp-site\\\/suite-dupla-standard\\\/\"]}]},{\"@type\":\"ImageObject\",\"inLanguage\":\"pt-BR\",\"@id\":\"https:\\\/\\\/pousadapequizeiro.com.br\\\/wp-site\\\/suite-dupla-standard\\\/#primaryimage\",\"url\":\"https:\\\/\\\/pousadapequizeiro.com.br\\\/wp-site\\\/wp-content\\\/uploads\\\/2025\\\/02\\\/IMG_9391-scaled.jpg\",\"contentUrl\":\"https:\\\/\\\/pousadapequizeiro.com.br\\\/wp-site\\\/wp-content\\\/uploads\\\/2025\\\/02\\\/IMG_9391-scaled.jpg\",\"width\":1920,\"height\":2560},{\"@type\":\"BreadcrumbList\",\"@id\":\"https:\\\/\\\/pousadapequizeiro.com.br\\\/wp-site\\\/suite-dupla-standard\\\/#breadcrumb\",\"itemListElement\":[{\"@type\":\"ListItem\",\"position\":1,\"name\":\"In\u00edcio\",\"item\":\"https:\\\/\\\/pousadapequizeiro.com.br\\\/wp-site\\\/\"},{\"@type\":\"ListItem\",\"position\":2,\"name\":\"Su\u00edte Dupla Standard\"}]},{\"@type\":\"WebSite\",\"@id\":\"https:\\\/\\\/pousadapequizeiro.com.br\\\/wp-site\\\/#website\",\"url\":\"https:\\\/\\\/pousadapequizeiro.com.br\\\/wp-site\\\/\",\"name\":\"Pequizeiro\",\"description\":\"Conforto, tranquilidade e experi\u00eancias \u00fanicas na Chapada dos Veadeiros\",\"publisher\":{\"@id\":\"https:\\\/\\\/pousadapequizeiro.com.br\\\/wp-site\\\/#organization\"},\"alternateName\":\"EcoPousada Pequizeiro - Hospedagem Sustent\u00e1vel na Chapada dos Veadeiros\",\"potentialAction\":[{\"@type\":\"SearchAction\",\"target\":{\"@type\":\"EntryPoint\",\"urlTemplate\":\"https:\\\/\\\/pousadapequizeiro.com.br\\\/wp-site\\\/?s={search_term_string}\"},\"query-input\":{\"@type\":\"PropertyValueSpecification\",\"valueRequired\":true,\"valueName\":\"search_term_string\"}}],\"inLanguage\":\"pt-BR\"},{\"@type\":\"Organization\",\"@id\":\"https:\\\/\\\/pousadapequizeiro.com.br\\\/wp-site\\\/#organization\",\"name\":\"Pequizeiro Eco Pousada\",\"alternateName\":\"EcoPousada Pequizeiro - Hospedagem Sustent\u00e1vel na Chapada dos Veadeiros\",\"url\":\"https:\\\/\\\/pousadapequizeiro.com.br\\\/wp-site\\\/\",\"logo\":{\"@type\":\"ImageObject\",\"inLanguage\":\"pt-BR\",\"@id\":\"https:\\\/\\\/pousadapequizeiro.com.br\\\/wp-site\\\/#\\\/schema\\\/logo\\\/image\\\/\",\"url\":\"https:\\\/\\\/pousadapequizeiro.com.br\\\/wp-site\\\/wp-content\\\/uploads\\\/2025\\\/01\\\/Pequizeiro-Eco-Pousada_transp.png\",\"contentUrl\":\"https:\\\/\\\/pousadapequizeiro.com.br\\\/wp-site\\\/wp-content\\\/uploads\\\/2025\\\/01\\\/Pequizeiro-Eco-Pousada_transp.png\",\"width\":500,\"height\":500,\"caption\":\"Pequizeiro Eco Pousada\"},\"image\":{\"@id\":\"https:\\\/\\\/pousadapequizeiro.com.br\\\/wp-site\\\/#\\\/schema\\\/logo\\\/image\\\/\"},\"sameAs\":[\"https:\\\/\\\/www.facebook.com\\\/pequizeiroecopousada\",\"https:\\\/\\\/www.instagram.com\\\/pequizeiroecopousada\\\/\",\"https:\\\/\\\/www.tiktok.com\\\/@pequizeiroecopousada\"]}]}<\/script>\n<!-- \/ Yoast SEO plugin. -->","yoast_head_json":{"title":"Su\u00edte Dupla Standard - Pequizeiro Eco Pousada Eco Pousada - Chapada dos Veadeiros","description":"Su\u00edte Dupla Standard - Pequizeiro Eco Pousada Eco Pousada - Hospedagem Sustent\u00e1vel na Chapada dos Veadeiros - Cavalcante - GO","robots":{"index":"index","follow":"follow","max-snippet":"max-snippet:-1","max-image-preview":"max-image-preview:large","max-video-preview":"max-video-preview:-1"},"canonical":"https:\/\/pousadapequizeiro.com.br\/wp-site\/suite-dupla-standard\/","og_locale":"pt_BR","og_type":"article","og_title":"Su\u00edte Dupla Standard - Pequizeiro Eco Pousada Eco Pousada - Chapada dos Veadeiros","og_description":"Su\u00edte Dupla Standard - Pequizeiro Eco Pousada Eco Pousada - Hospedagem Sustent\u00e1vel na Chapada dos Veadeiros - Cavalcante - GO","og_url":"https:\/\/pousadapequizeiro.com.br\/wp-site\/suite-dupla-standard\/","og_site_name":"Pequizeiro Eco Pousada","article_publisher":"https:\/\/www.facebook.com\/pequizeiroecopousada","article_modified_time":"2025-04-04T20:32:36+00:00","og_image":[{"width":1920,"height":2560,"url":"https:\/\/pousadapequizeiro.com.br\/wp-site\/wp-content\/uploads\/2025\/02\/IMG_9391-scaled.jpg","type":"image\/jpeg"}],"twitter_card":"summary_large_image","twitter_misc":{"Est. tempo de leitura":"1 minuto"},"schema":{"@context":"https:\/\/schema.org","@graph":[{"@type":"WebPage","@id":"https:\/\/pousadapequizeiro.com.br\/wp-site\/suite-dupla-standard\/","url":"https:\/\/pousadapequizeiro.com.br\/wp-site\/suite-dupla-standard\/","name":"Su\u00edte Dupla Standard - Pequizeiro Eco Pousada Eco Pousada - Chapada dos Veadeiros","isPartOf":{"@id":"https:\/\/pousadapequizeiro.com.br\/wp-site\/#website"},"primaryImageOfPage":{"@id":"https:\/\/pousadapequizeiro.com.br\/wp-site\/suite-dupla-standard\/#primaryimage"},"image":{"@id":"https:\/\/pousadapequizeiro.com.br\/wp-site\/suite-dupla-standard\/#primaryimage"},"thumbnailUrl":"https:\/\/pousadapequizeiro.com.br\/wp-site\/wp-content\/uploads\/2025\/02\/IMG_9391-768x1024.jpg","datePublished":"2025-02-05T21:15:11+00:00","dateModified":"2025-04-04T20:32:36+00:00","description":"Su\u00edte Dupla Standard - Pequizeiro Eco Pousada Eco Pousada - Hospedagem Sustent\u00e1vel na Chapada dos Veadeiros - Cavalcante - GO","breadcrumb":{"@id":"https:\/\/pousadapequizeiro.com.br\/wp-site\/suite-dupla-standard\/#breadcrumb"},"inLanguage":"pt-BR","potentialAction":[{"@type":"ReadAction","target":["https:\/\/pousadapequizeiro.com.br\/wp-site\/suite-dupla-standard\/"]}]},{"@type":"ImageObject","inLanguage":"pt-BR","@id":"https:\/\/pousadapequizeiro.com.br\/wp-site\/suite-dupla-standard\/#primaryimage","url":"https:\/\/pousadapequizeiro.com.br\/wp-site\/wp-content\/uploads\/2025\/02\/IMG_9391-scaled.jpg","contentUrl":"https:\/\/pousadapequizeiro.com.br\/wp-site\/wp-content\/uploads\/2025\/02\/IMG_9391-scaled.jpg","width":1920,"height":2560},{"@type":"BreadcrumbList","@id":"https:\/\/pousadapequizeiro.com.br\/wp-site\/suite-dupla-standard\/#breadcrumb","itemListElement":[{"@type":"ListItem","position":1,"name":"In\u00edcio","item":"https:\/\/pousadapequizeiro.com.br\/wp-site\/"},{"@type":"ListItem","position":2,"name":"Su\u00edte Dupla Standard"}]},{"@type":"WebSite","@id":"https:\/\/pousadapequizeiro.com.br\/wp-site\/#website","url":"https:\/\/pousadapequizeiro.com.br\/wp-site\/","name":"Pequizeiro","description":"Conforto, tranquilidade e experi\u00eancias \u00fanicas na Chapada dos Veadeiros","publisher":{"@id":"https:\/\/pousadapequizeiro.com.br\/wp-site\/#organization"},"alternateName":"EcoPousada Pequizeiro - Hospedagem Sustent\u00e1vel na Chapada dos Veadeiros","potentialAction":[{"@type":"SearchAction","target":{"@type":"EntryPoint","urlTemplate":"https:\/\/pousadapequizeiro.com.br\/wp-site\/?s={search_term_string}"},"query-input":{"@type":"PropertyValueSpecification","valueRequired":true,"valueName":"search_term_string"}}],"inLanguage":"pt-BR"},{"@type":"Organization","@id":"https:\/\/pousadapequizeiro.com.br\/wp-site\/#organization","name":"Pequizeiro Eco Pousada","alternateName":"EcoPousada Pequizeiro - Hospedagem Sustent\u00e1vel na Chapada dos Veadeiros","url":"https:\/\/pousadapequizeiro.com.br\/wp-site\/","logo":{"@type":"ImageObject","inLanguage":"pt-BR","@id":"https:\/\/pousadapequizeiro.com.br\/wp-site\/#\/schema\/logo\/image\/","url":"https:\/\/pousadapequizeiro.com.br\/wp-site\/wp-content\/uploads\/2025\/01\/Pequizeiro-Eco-Pousada_transp.png","contentUrl":"https:\/\/pousadapequizeiro.com.br\/wp-site\/wp-content\/uploads\/2025\/01\/Pequizeiro-Eco-Pousada_transp.png","width":500,"height":500,"caption":"Pequizeiro Eco Pousada"},"image":{"@id":"https:\/\/pousadapequizeiro.com.br\/wp-site\/#\/schema\/logo\/image\/"},"sameAs":["https:\/\/www.facebook.com\/pequizeiroecopousada","https:\/\/www.instagram.com\/pequizeiroecopousada\/","https:\/\/www.tiktok.com\/@pequizeiroecopousada"]}]}},"_links":{"self":[{"href":"https:\/\/pousadapequizeiro.com.br\/wp-site\/wp-json\/wp\/v2\/pages\/1238","targetHints":{"allow":["GET"]}}],"collection":[{"href":"https:\/\/pousadapequizeiro.com.br\/wp-site\/wp-json\/wp\/v2\/pages"}],"about":[{"href":"https:\/\/pousadapequizeiro.com.br\/wp-site\/wp-json\/wp\/v2\/types\/page"}],"author":[{"embeddable":true,"href":"https:\/\/pousadapequizeiro.com.br\/wp-site\/wp-json\/wp\/v2\/users\/1"}],"replies":[{"embeddable":true,"href":"https:\/\/pousadapequizeiro.com.br\/wp-site\/wp-json\/wp\/v2\/comments?post=1238"}],"version-history":[{"count":4,"href":"https:\/\/pousadapequizeiro.com.br\/wp-site\/wp-json\/wp\/v2\/pages\/1238\/revisions"}],"predecessor-version":[{"id":1444,"href":"https:\/\/pousadapequizeiro.com.br\/wp-site\/wp-json\/wp\/v2\/pages\/1238\/revisions\/1444"}],"wp:attachment":[{"href":"https:\/\/pousadapequizeiro.com.br\/wp-site\/wp-json\/wp\/v2\/media?parent=1238"}],"curies":[{"name":"wp","href":"https:\/\/api.w.org\/{rel}","templated":true}]}}