{"id":1242,"date":"2025-02-05T18:16:43","date_gmt":"2025-02-05T21:16:43","guid":{"rendered":"https:\/\/pousadapequizeiro.com.br\/wp-site\/?page_id=1242"},"modified":"2025-02-07T21:10:30","modified_gmt":"2025-02-08T00:10:30","slug":"quarto-compartilhado","status":"publish","type":"page","link":"https:\/\/pousadapequizeiro.com.br\/wp-site\/quarto-compartilhado\/","title":{"rendered":"Quarto Compartilhado"},"content":{"rendered":"\n<p>Op\u00e7\u00e3o econ\u00f4mica e soci\u00e1vel. Quarto coletivo misto para at\u00e9 oito pessoas e banheiros externos.<\/p>\n\n\n\n<figure class=\"wp-block-gallery has-nested-images columns-5 is-cropped wp-block-gallery-1 is-layout-flex wp-block-gallery-is-layout-flex\">\n<figure class=\"wp-block-image size-large\"><a href=\"https:\/\/pousadapequizeiro.com.br\/wp-site\/wp-content\/uploads\/2025\/02\/IMG_20231111_121036-scaled.jpg\"><img fetchpriority=\"high\" decoding=\"async\" width=\"576\" height=\"1024\" data-id=\"1175\" src=\"https:\/\/pousadapequizeiro.com.br\/wp-site\/wp-content\/uploads\/2025\/02\/IMG_20231111_121036-576x1024.jpg\" alt=\"\" class=\"wp-image-1175\" srcset=\"https:\/\/pousadapequizeiro.com.br\/wp-site\/wp-content\/uploads\/2025\/02\/IMG_20231111_121036-576x1024.jpg 576w, https:\/\/pousadapequizeiro.com.br\/wp-site\/wp-content\/uploads\/2025\/02\/IMG_20231111_121036-scaled-350x622.jpg 350w, https:\/\/pousadapequizeiro.com.br\/wp-site\/wp-content\/uploads\/2025\/02\/IMG_20231111_121036-169x300.jpg 169w, https:\/\/pousadapequizeiro.com.br\/wp-site\/wp-content\/uploads\/2025\/02\/IMG_20231111_121036-768x1365.jpg 768w, https:\/\/pousadapequizeiro.com.br\/wp-site\/wp-content\/uploads\/2025\/02\/IMG_20231111_121036-864x1536.jpg 864w, https:\/\/pousadapequizeiro.com.br\/wp-site\/wp-content\/uploads\/2025\/02\/IMG_20231111_121036-1152x2048.jpg 1152w, https:\/\/pousadapequizeiro.com.br\/wp-site\/wp-content\/uploads\/2025\/02\/IMG_20231111_121036-scaled.jpg 1440w\" sizes=\"(max-width: 576px) 100vw, 576px\" \/><\/a><\/figure>\n\n\n\n<figure class=\"wp-block-image size-large\"><a href=\"https:\/\/pousadapequizeiro.com.br\/wp-site\/wp-content\/uploads\/2025\/02\/Facetune_02-07-2023-16-39-37-scaled.jpg\"><img decoding=\"async\" width=\"768\" height=\"1024\" data-id=\"1172\" src=\"https:\/\/pousadapequizeiro.com.br\/wp-site\/wp-content\/uploads\/2025\/02\/Facetune_02-07-2023-16-39-37-768x1024.jpg\" alt=\"\" class=\"wp-image-1172\" srcset=\"https:\/\/pousadapequizeiro.com.br\/wp-site\/wp-content\/uploads\/2025\/02\/Facetune_02-07-2023-16-39-37-768x1024.jpg 768w, https:\/\/pousadapequizeiro.com.br\/wp-site\/wp-content\/uploads\/2025\/02\/Facetune_02-07-2023-16-39-37-scaled-350x467.jpg 350w, https:\/\/pousadapequizeiro.com.br\/wp-site\/wp-content\/uploads\/2025\/02\/Facetune_02-07-2023-16-39-37-225x300.jpg 225w, https:\/\/pousadapequizeiro.com.br\/wp-site\/wp-content\/uploads\/2025\/02\/Facetune_02-07-2023-16-39-37-1152x1536.jpg 1152w, https:\/\/pousadapequizeiro.com.br\/wp-site\/wp-content\/uploads\/2025\/02\/Facetune_02-07-2023-16-39-37-1536x2048.jpg 1536w, https:\/\/pousadapequizeiro.com.br\/wp-site\/wp-content\/uploads\/2025\/02\/Facetune_02-07-2023-16-39-37-scaled.jpg 1920w\" sizes=\"(max-width: 767px) 89vw, (max-width: 1000px) 54vw, (max-width: 1071px) 543px, 580px\" \/><\/a><\/figure>\n\n\n\n<figure class=\"wp-block-image size-large\"><a href=\"https:\/\/pousadapequizeiro.com.br\/wp-site\/wp-content\/uploads\/2018\/10\/Hostel_Camping_Cavalcante9.jpg\"><img decoding=\"async\" width=\"1024\" height=\"680\" data-id=\"517\" src=\"https:\/\/pousadapequizeiro.com.br\/wp-site\/wp-content\/uploads\/2018\/10\/Hostel_Camping_Cavalcante9-1024x680.jpg\" alt=\"\" class=\"wp-image-517\" srcset=\"https:\/\/pousadapequizeiro.com.br\/wp-site\/wp-content\/uploads\/2018\/10\/Hostel_Camping_Cavalcante9-1024x680.jpg 1024w, https:\/\/pousadapequizeiro.com.br\/wp-site\/wp-content\/uploads\/2018\/10\/Hostel_Camping_Cavalcante9-350x232.jpg 350w, https:\/\/pousadapequizeiro.com.br\/wp-site\/wp-content\/uploads\/2018\/10\/Hostel_Camping_Cavalcante9-300x199.jpg 300w, https:\/\/pousadapequizeiro.com.br\/wp-site\/wp-content\/uploads\/2018\/10\/Hostel_Camping_Cavalcante9-768x510.jpg 768w, https:\/\/pousadapequizeiro.com.br\/wp-site\/wp-content\/uploads\/2018\/10\/Hostel_Camping_Cavalcante9.jpg 1920w\" sizes=\"(max-width: 767px) 89vw, (max-width: 1000px) 54vw, (max-width: 1071px) 543px, 580px\" \/><\/a><\/figure>\n\n\n\n<figure class=\"wp-block-image size-large\"><a href=\"https:\/\/pousadapequizeiro.com.br\/wp-site\/wp-content\/uploads\/2025\/02\/IMG_20231111_120622-scaled.jpg\"><img loading=\"lazy\" decoding=\"async\" width=\"576\" height=\"1024\" data-id=\"1177\" src=\"https:\/\/pousadapequizeiro.com.br\/wp-site\/wp-content\/uploads\/2025\/02\/IMG_20231111_120622-576x1024.jpg\" alt=\"\" class=\"wp-image-1177\" srcset=\"https:\/\/pousadapequizeiro.com.br\/wp-site\/wp-content\/uploads\/2025\/02\/IMG_20231111_120622-576x1024.jpg 576w, https:\/\/pousadapequizeiro.com.br\/wp-site\/wp-content\/uploads\/2025\/02\/IMG_20231111_120622-scaled-350x622.jpg 350w, https:\/\/pousadapequizeiro.com.br\/wp-site\/wp-content\/uploads\/2025\/02\/IMG_20231111_120622-169x300.jpg 169w, https:\/\/pousadapequizeiro.com.br\/wp-site\/wp-content\/uploads\/2025\/02\/IMG_20231111_120622-768x1365.jpg 768w, https:\/\/pousadapequizeiro.com.br\/wp-site\/wp-content\/uploads\/2025\/02\/IMG_20231111_120622-864x1536.jpg 864w, https:\/\/pousadapequizeiro.com.br\/wp-site\/wp-content\/uploads\/2025\/02\/IMG_20231111_120622-1152x2048.jpg 1152w, https:\/\/pousadapequizeiro.com.br\/wp-site\/wp-content\/uploads\/2025\/02\/IMG_20231111_120622-scaled.jpg 1440w\" sizes=\"(max-width: 576px) 100vw, 576px\" \/><\/a><\/figure>\n<\/figure>\n","protected":false},"excerpt":{"rendered":"<p>Op\u00e7\u00e3o econ\u00f4mica e soci\u00e1vel. Quarto coletivo misto para at\u00e9 oito pessoas e banheiros externos.<\/p>\n","protected":false},"author":1,"featured_media":0,"parent":0,"menu_order":0,"comment_status":"closed","ping_status":"closed","template":"","meta":{"footnotes":""},"class_list":["post-1242","page","type-page","status-publish","hentry"],"yoast_head":"<!-- This site is optimized with the Yoast SEO plugin v27.5 - https:\/\/yoast.com\/product\/yoast-seo-wordpress\/ -->\n<title>Quarto Compartilhado - Pequizeiro Eco Pousada Eco Pousada - Chapada dos Veadeiros<\/title>\n<meta name=\"description\" content=\"Quarto Compartilhado - Pequizeiro Eco Pousada Eco Pousada - Hospedagem Sustent\u00e1vel na Chapada dos Veadeiros - Cavalcante - GO\" \/>\n<meta name=\"robots\" content=\"index, follow, max-snippet:-1, max-image-preview:large, max-video-preview:-1\" \/>\n<link rel=\"canonical\" href=\"https:\/\/pousadapequizeiro.com.br\/wp-site\/quarto-compartilhado\/\" \/>\n<meta property=\"og:locale\" content=\"pt_BR\" \/>\n<meta property=\"og:type\" content=\"article\" \/>\n<meta property=\"og:title\" content=\"Quarto Compartilhado - Pequizeiro Eco Pousada Eco Pousada - Chapada dos Veadeiros\" \/>\n<meta property=\"og:description\" content=\"Quarto Compartilhado - Pequizeiro Eco Pousada Eco Pousada - Hospedagem Sustent\u00e1vel na Chapada dos Veadeiros - Cavalcante - GO\" \/>\n<meta property=\"og:url\" content=\"https:\/\/pousadapequizeiro.com.br\/wp-site\/quarto-compartilhado\/\" \/>\n<meta property=\"og:site_name\" content=\"Pequizeiro Eco Pousada\" \/>\n<meta property=\"article:publisher\" content=\"https:\/\/www.facebook.com\/pequizeiroecopousada\" \/>\n<meta property=\"article:modified_time\" content=\"2025-02-08T00:10:30+00:00\" \/>\n<meta property=\"og:image\" content=\"https:\/\/pousadapequizeiro.com.br\/wp-site\/wp-content\/uploads\/2025\/02\/IMG_20231111_121036-576x1024.jpg\" \/>\n<meta name=\"twitter:card\" content=\"summary_large_image\" \/>\n<meta name=\"twitter:label1\" content=\"Est. tempo de leitura\" \/>\n\t<meta name=\"twitter:data1\" content=\"1 minuto\" \/>\n<script type=\"application\/ld+json\" class=\"yoast-schema-graph\">{\"@context\":\"https:\\\/\\\/schema.org\",\"@graph\":[{\"@type\":\"WebPage\",\"@id\":\"https:\\\/\\\/pousadapequizeiro.com.br\\\/wp-site\\\/quarto-compartilhado\\\/\",\"url\":\"https:\\\/\\\/pousadapequizeiro.com.br\\\/wp-site\\\/quarto-compartilhado\\\/\",\"name\":\"Quarto Compartilhado - Pequizeiro Eco Pousada Eco Pousada - Chapada dos Veadeiros\",\"isPartOf\":{\"@id\":\"https:\\\/\\\/pousadapequizeiro.com.br\\\/wp-site\\\/#website\"},\"primaryImageOfPage\":{\"@id\":\"https:\\\/\\\/pousadapequizeiro.com.br\\\/wp-site\\\/quarto-compartilhado\\\/#primaryimage\"},\"image\":{\"@id\":\"https:\\\/\\\/pousadapequizeiro.com.br\\\/wp-site\\\/quarto-compartilhado\\\/#primaryimage\"},\"thumbnailUrl\":\"https:\\\/\\\/pousadapequizeiro.com.br\\\/wp-site\\\/wp-content\\\/uploads\\\/2025\\\/02\\\/IMG_20231111_121036-576x1024.jpg\",\"datePublished\":\"2025-02-05T21:16:43+00:00\",\"dateModified\":\"2025-02-08T00:10:30+00:00\",\"description\":\"Quarto Compartilhado - Pequizeiro Eco Pousada Eco Pousada - Hospedagem Sustent\u00e1vel na Chapada dos Veadeiros - Cavalcante - GO\",\"breadcrumb\":{\"@id\":\"https:\\\/\\\/pousadapequizeiro.com.br\\\/wp-site\\\/quarto-compartilhado\\\/#breadcrumb\"},\"inLanguage\":\"pt-BR\",\"potentialAction\":[{\"@type\":\"ReadAction\",\"target\":[\"https:\\\/\\\/pousadapequizeiro.com.br\\\/wp-site\\\/quarto-compartilhado\\\/\"]}]},{\"@type\":\"ImageObject\",\"inLanguage\":\"pt-BR\",\"@id\":\"https:\\\/\\\/pousadapequizeiro.com.br\\\/wp-site\\\/quarto-compartilhado\\\/#primaryimage\",\"url\":\"https:\\\/\\\/pousadapequizeiro.com.br\\\/wp-site\\\/wp-content\\\/uploads\\\/2025\\\/02\\\/IMG_20231111_121036-scaled.jpg\",\"contentUrl\":\"https:\\\/\\\/pousadapequizeiro.com.br\\\/wp-site\\\/wp-content\\\/uploads\\\/2025\\\/02\\\/IMG_20231111_121036-scaled.jpg\",\"width\":1440,\"height\":2560},{\"@type\":\"BreadcrumbList\",\"@id\":\"https:\\\/\\\/pousadapequizeiro.com.br\\\/wp-site\\\/quarto-compartilhado\\\/#breadcrumb\",\"itemListElement\":[{\"@type\":\"ListItem\",\"position\":1,\"name\":\"In\u00edcio\",\"item\":\"https:\\\/\\\/pousadapequizeiro.com.br\\\/wp-site\\\/\"},{\"@type\":\"ListItem\",\"position\":2,\"name\":\"Quarto Compartilhado\"}]},{\"@type\":\"WebSite\",\"@id\":\"https:\\\/\\\/pousadapequizeiro.com.br\\\/wp-site\\\/#website\",\"url\":\"https:\\\/\\\/pousadapequizeiro.com.br\\\/wp-site\\\/\",\"name\":\"Pequizeiro\",\"description\":\"Conforto, tranquilidade e experi\u00eancias \u00fanicas na Chapada dos Veadeiros\",\"publisher\":{\"@id\":\"https:\\\/\\\/pousadapequizeiro.com.br\\\/wp-site\\\/#organization\"},\"alternateName\":\"EcoPousada Pequizeiro - Hospedagem Sustent\u00e1vel na Chapada dos Veadeiros\",\"potentialAction\":[{\"@type\":\"SearchAction\",\"target\":{\"@type\":\"EntryPoint\",\"urlTemplate\":\"https:\\\/\\\/pousadapequizeiro.com.br\\\/wp-site\\\/?s={search_term_string}\"},\"query-input\":{\"@type\":\"PropertyValueSpecification\",\"valueRequired\":true,\"valueName\":\"search_term_string\"}}],\"inLanguage\":\"pt-BR\"},{\"@type\":\"Organization\",\"@id\":\"https:\\\/\\\/pousadapequizeiro.com.br\\\/wp-site\\\/#organization\",\"name\":\"Pequizeiro Eco Pousada\",\"alternateName\":\"EcoPousada Pequizeiro - Hospedagem Sustent\u00e1vel na Chapada dos Veadeiros\",\"url\":\"https:\\\/\\\/pousadapequizeiro.com.br\\\/wp-site\\\/\",\"logo\":{\"@type\":\"ImageObject\",\"inLanguage\":\"pt-BR\",\"@id\":\"https:\\\/\\\/pousadapequizeiro.com.br\\\/wp-site\\\/#\\\/schema\\\/logo\\\/image\\\/\",\"url\":\"https:\\\/\\\/pousadapequizeiro.com.br\\\/wp-site\\\/wp-content\\\/uploads\\\/2025\\\/01\\\/Pequizeiro-Eco-Pousada_transp.png\",\"contentUrl\":\"https:\\\/\\\/pousadapequizeiro.com.br\\\/wp-site\\\/wp-content\\\/uploads\\\/2025\\\/01\\\/Pequizeiro-Eco-Pousada_transp.png\",\"width\":500,\"height\":500,\"caption\":\"Pequizeiro Eco Pousada\"},\"image\":{\"@id\":\"https:\\\/\\\/pousadapequizeiro.com.br\\\/wp-site\\\/#\\\/schema\\\/logo\\\/image\\\/\"},\"sameAs\":[\"https:\\\/\\\/www.facebook.com\\\/pequizeiroecopousada\",\"https:\\\/\\\/www.instagram.com\\\/pequizeiroecopousada\\\/\",\"https:\\\/\\\/www.tiktok.com\\\/@pequizeiroecopousada\"]}]}<\/script>\n<!-- \/ Yoast SEO plugin. -->","yoast_head_json":{"title":"Quarto Compartilhado - Pequizeiro Eco Pousada Eco Pousada - Chapada dos Veadeiros","description":"Quarto Compartilhado - Pequizeiro Eco Pousada Eco Pousada - Hospedagem Sustent\u00e1vel na Chapada dos Veadeiros - Cavalcante - GO","robots":{"index":"index","follow":"follow","max-snippet":"max-snippet:-1","max-image-preview":"max-image-preview:large","max-video-preview":"max-video-preview:-1"},"canonical":"https:\/\/pousadapequizeiro.com.br\/wp-site\/quarto-compartilhado\/","og_locale":"pt_BR","og_type":"article","og_title":"Quarto Compartilhado - Pequizeiro Eco Pousada Eco Pousada - Chapada dos Veadeiros","og_description":"Quarto Compartilhado - Pequizeiro Eco Pousada Eco Pousada - Hospedagem Sustent\u00e1vel na Chapada dos Veadeiros - Cavalcante - GO","og_url":"https:\/\/pousadapequizeiro.com.br\/wp-site\/quarto-compartilhado\/","og_site_name":"Pequizeiro Eco Pousada","article_publisher":"https:\/\/www.facebook.com\/pequizeiroecopousada","article_modified_time":"2025-02-08T00:10:30+00:00","og_image":[{"url":"https:\/\/pousadapequizeiro.com.br\/wp-site\/wp-content\/uploads\/2025\/02\/IMG_20231111_121036-576x1024.jpg","type":"","width":"","height":""}],"twitter_card":"summary_large_image","twitter_misc":{"Est. tempo de leitura":"1 minuto"},"schema":{"@context":"https:\/\/schema.org","@graph":[{"@type":"WebPage","@id":"https:\/\/pousadapequizeiro.com.br\/wp-site\/quarto-compartilhado\/","url":"https:\/\/pousadapequizeiro.com.br\/wp-site\/quarto-compartilhado\/","name":"Quarto Compartilhado - Pequizeiro Eco Pousada Eco Pousada - Chapada dos Veadeiros","isPartOf":{"@id":"https:\/\/pousadapequizeiro.com.br\/wp-site\/#website"},"primaryImageOfPage":{"@id":"https:\/\/pousadapequizeiro.com.br\/wp-site\/quarto-compartilhado\/#primaryimage"},"image":{"@id":"https:\/\/pousadapequizeiro.com.br\/wp-site\/quarto-compartilhado\/#primaryimage"},"thumbnailUrl":"https:\/\/pousadapequizeiro.com.br\/wp-site\/wp-content\/uploads\/2025\/02\/IMG_20231111_121036-576x1024.jpg","datePublished":"2025-02-05T21:16:43+00:00","dateModified":"2025-02-08T00:10:30+00:00","description":"Quarto Compartilhado - Pequizeiro Eco Pousada Eco Pousada - Hospedagem Sustent\u00e1vel na Chapada dos Veadeiros - Cavalcante - GO","breadcrumb":{"@id":"https:\/\/pousadapequizeiro.com.br\/wp-site\/quarto-compartilhado\/#breadcrumb"},"inLanguage":"pt-BR","potentialAction":[{"@type":"ReadAction","target":["https:\/\/pousadapequizeiro.com.br\/wp-site\/quarto-compartilhado\/"]}]},{"@type":"ImageObject","inLanguage":"pt-BR","@id":"https:\/\/pousadapequizeiro.com.br\/wp-site\/quarto-compartilhado\/#primaryimage","url":"https:\/\/pousadapequizeiro.com.br\/wp-site\/wp-content\/uploads\/2025\/02\/IMG_20231111_121036-scaled.jpg","contentUrl":"https:\/\/pousadapequizeiro.com.br\/wp-site\/wp-content\/uploads\/2025\/02\/IMG_20231111_121036-scaled.jpg","width":1440,"height":2560},{"@type":"BreadcrumbList","@id":"https:\/\/pousadapequizeiro.com.br\/wp-site\/quarto-compartilhado\/#breadcrumb","itemListElement":[{"@type":"ListItem","position":1,"name":"In\u00edcio","item":"https:\/\/pousadapequizeiro.com.br\/wp-site\/"},{"@type":"ListItem","position":2,"name":"Quarto Compartilhado"}]},{"@type":"WebSite","@id":"https:\/\/pousadapequizeiro.com.br\/wp-site\/#website","url":"https:\/\/pousadapequizeiro.com.br\/wp-site\/","name":"Pequizeiro","description":"Conforto, tranquilidade e experi\u00eancias \u00fanicas na Chapada dos Veadeiros","publisher":{"@id":"https:\/\/pousadapequizeiro.com.br\/wp-site\/#organization"},"alternateName":"EcoPousada Pequizeiro - Hospedagem Sustent\u00e1vel na Chapada dos Veadeiros","potentialAction":[{"@type":"SearchAction","target":{"@type":"EntryPoint","urlTemplate":"https:\/\/pousadapequizeiro.com.br\/wp-site\/?s={search_term_string}"},"query-input":{"@type":"PropertyValueSpecification","valueRequired":true,"valueName":"search_term_string"}}],"inLanguage":"pt-BR"},{"@type":"Organization","@id":"https:\/\/pousadapequizeiro.com.br\/wp-site\/#organization","name":"Pequizeiro Eco Pousada","alternateName":"EcoPousada Pequizeiro - Hospedagem Sustent\u00e1vel na Chapada dos Veadeiros","url":"https:\/\/pousadapequizeiro.com.br\/wp-site\/","logo":{"@type":"ImageObject","inLanguage":"pt-BR","@id":"https:\/\/pousadapequizeiro.com.br\/wp-site\/#\/schema\/logo\/image\/","url":"https:\/\/pousadapequizeiro.com.br\/wp-site\/wp-content\/uploads\/2025\/01\/Pequizeiro-Eco-Pousada_transp.png","contentUrl":"https:\/\/pousadapequizeiro.com.br\/wp-site\/wp-content\/uploads\/2025\/01\/Pequizeiro-Eco-Pousada_transp.png","width":500,"height":500,"caption":"Pequizeiro Eco Pousada"},"image":{"@id":"https:\/\/pousadapequizeiro.com.br\/wp-site\/#\/schema\/logo\/image\/"},"sameAs":["https:\/\/www.facebook.com\/pequizeiroecopousada","https:\/\/www.instagram.com\/pequizeiroecopousada\/","https:\/\/www.tiktok.com\/@pequizeiroecopousada"]}]}},"_links":{"self":[{"href":"https:\/\/pousadapequizeiro.com.br\/wp-site\/wp-json\/wp\/v2\/pages\/1242","targetHints":{"allow":["GET"]}}],"collection":[{"href":"https:\/\/pousadapequizeiro.com.br\/wp-site\/wp-json\/wp\/v2\/pages"}],"about":[{"href":"https:\/\/pousadapequizeiro.com.br\/wp-site\/wp-json\/wp\/v2\/types\/page"}],"author":[{"embeddable":true,"href":"https:\/\/pousadapequizeiro.com.br\/wp-site\/wp-json\/wp\/v2\/users\/1"}],"replies":[{"embeddable":true,"href":"https:\/\/pousadapequizeiro.com.br\/wp-site\/wp-json\/wp\/v2\/comments?post=1242"}],"version-history":[{"count":3,"href":"https:\/\/pousadapequizeiro.com.br\/wp-site\/wp-json\/wp\/v2\/pages\/1242\/revisions"}],"predecessor-version":[{"id":1366,"href":"https:\/\/pousadapequizeiro.com.br\/wp-site\/wp-json\/wp\/v2\/pages\/1242\/revisions\/1366"}],"wp:attachment":[{"href":"https:\/\/pousadapequizeiro.com.br\/wp-site\/wp-json\/wp\/v2\/media?parent=1242"}],"curies":[{"name":"wp","href":"https:\/\/api.w.org\/{rel}","templated":true}]}}