{"id":14,"date":"2016-06-07T15:20:10","date_gmt":"2016-06-07T15:20:10","guid":{"rendered":"https:\/\/pousadapequizeiro.com.br\/wp-site\/?page_id=14"},"modified":"2025-02-07T16:24:59","modified_gmt":"2025-02-07T19:24:59","slug":"pequizeiro-eco-pousada","status":"publish","type":"page","link":"https:\/\/pousadapequizeiro.com.br\/wp-site\/","title":{"rendered":"Pequizeiro Eco Pousada"},"content":{"rendered":"\n<h4 class=\"wp-block-heading\">Sua Hospedagem Sustent\u00e1vel na Chapada dos Veadeiros<\/h4>\n\n\n\n<p>Aventure-se em um ref\u00fagio ecol\u00f3gico \u00fanico no cora\u00e7\u00e3o de Goi\u00e1s.<\/p>\n\n\n\n<figure class=\"wp-block-gallery has-nested-images columns-4 is-cropped wp-block-gallery-1 is-layout-flex wp-block-gallery-is-layout-flex\">\n<figure class=\"wp-block-image size-large\"><a href=\"https:\/\/pousadapequizeiro.com.br\/wp-site\/wp-content\/uploads\/2025\/02\/IMG_0560-scaled.jpg\"><img fetchpriority=\"high\" decoding=\"async\" width=\"768\" height=\"1024\" data-id=\"1098\" src=\"https:\/\/pousadapequizeiro.com.br\/wp-site\/wp-content\/uploads\/2025\/02\/IMG_0560-768x1024.jpg\" alt=\"\" class=\"wp-image-1098\" srcset=\"https:\/\/pousadapequizeiro.com.br\/wp-site\/wp-content\/uploads\/2025\/02\/IMG_0560-768x1024.jpg 768w, https:\/\/pousadapequizeiro.com.br\/wp-site\/wp-content\/uploads\/2025\/02\/IMG_0560-scaled-350x467.jpg 350w, https:\/\/pousadapequizeiro.com.br\/wp-site\/wp-content\/uploads\/2025\/02\/IMG_0560-225x300.jpg 225w, https:\/\/pousadapequizeiro.com.br\/wp-site\/wp-content\/uploads\/2025\/02\/IMG_0560-1152x1536.jpg 1152w, https:\/\/pousadapequizeiro.com.br\/wp-site\/wp-content\/uploads\/2025\/02\/IMG_0560-1536x2048.jpg 1536w, https:\/\/pousadapequizeiro.com.br\/wp-site\/wp-content\/uploads\/2025\/02\/IMG_0560-scaled.jpg 1920w\" sizes=\"(max-width: 767px) 89vw, (max-width: 1000px) 54vw, (max-width: 1071px) 543px, 580px\" \/><\/a><\/figure>\n\n\n\n<figure class=\"wp-block-image size-large is-style-default\"><a href=\"https:\/\/pousadapequizeiro.com.br\/wp-site\/wp-content\/uploads\/2025\/02\/IMG_20231111_120213-scaled.jpg\"><img decoding=\"async\" width=\"576\" height=\"1024\" data-id=\"1097\" src=\"https:\/\/pousadapequizeiro.com.br\/wp-site\/wp-content\/uploads\/2025\/02\/IMG_20231111_120213-576x1024.jpg\" alt=\"\" class=\"wp-image-1097\" srcset=\"https:\/\/pousadapequizeiro.com.br\/wp-site\/wp-content\/uploads\/2025\/02\/IMG_20231111_120213-576x1024.jpg 576w, https:\/\/pousadapequizeiro.com.br\/wp-site\/wp-content\/uploads\/2025\/02\/IMG_20231111_120213-scaled-350x622.jpg 350w, https:\/\/pousadapequizeiro.com.br\/wp-site\/wp-content\/uploads\/2025\/02\/IMG_20231111_120213-169x300.jpg 169w, https:\/\/pousadapequizeiro.com.br\/wp-site\/wp-content\/uploads\/2025\/02\/IMG_20231111_120213-768x1365.jpg 768w, https:\/\/pousadapequizeiro.com.br\/wp-site\/wp-content\/uploads\/2025\/02\/IMG_20231111_120213-864x1536.jpg 864w, https:\/\/pousadapequizeiro.com.br\/wp-site\/wp-content\/uploads\/2025\/02\/IMG_20231111_120213-1152x2048.jpg 1152w, https:\/\/pousadapequizeiro.com.br\/wp-site\/wp-content\/uploads\/2025\/02\/IMG_20231111_120213-scaled.jpg 1440w\" sizes=\"(max-width: 576px) 100vw, 576px\" \/><\/a><\/figure>\n\n\n\n<figure class=\"wp-block-image size-large\"><a href=\"https:\/\/pousadapequizeiro.com.br\/wp-site\/wp-content\/uploads\/2025\/02\/IMG_2175-scaled.jpg\"><img decoding=\"async\" width=\"768\" height=\"1024\" data-id=\"1100\" src=\"https:\/\/pousadapequizeiro.com.br\/wp-site\/wp-content\/uploads\/2025\/02\/IMG_2175-768x1024.jpg\" alt=\"\" class=\"wp-image-1100\" srcset=\"https:\/\/pousadapequizeiro.com.br\/wp-site\/wp-content\/uploads\/2025\/02\/IMG_2175-768x1024.jpg 768w, https:\/\/pousadapequizeiro.com.br\/wp-site\/wp-content\/uploads\/2025\/02\/IMG_2175-scaled-350x467.jpg 350w, https:\/\/pousadapequizeiro.com.br\/wp-site\/wp-content\/uploads\/2025\/02\/IMG_2175-225x300.jpg 225w, https:\/\/pousadapequizeiro.com.br\/wp-site\/wp-content\/uploads\/2025\/02\/IMG_2175-1152x1536.jpg 1152w, https:\/\/pousadapequizeiro.com.br\/wp-site\/wp-content\/uploads\/2025\/02\/IMG_2175-1536x2048.jpg 1536w, https:\/\/pousadapequizeiro.com.br\/wp-site\/wp-content\/uploads\/2025\/02\/IMG_2175-scaled.jpg 1920w\" sizes=\"(max-width: 767px) 89vw, (max-width: 1000px) 54vw, (max-width: 1071px) 543px, 580px\" \/><\/a><\/figure>\n\n\n\n<figure class=\"wp-block-image size-large\"><a href=\"https:\/\/pousadapequizeiro.com.br\/wp-site\/wp-content\/uploads\/2025\/02\/IMG_0494-scaled.jpg\"><img loading=\"lazy\" decoding=\"async\" width=\"768\" height=\"1024\" data-id=\"1104\" src=\"https:\/\/pousadapequizeiro.com.br\/wp-site\/wp-content\/uploads\/2025\/02\/IMG_0494-768x1024.jpg\" alt=\"\" class=\"wp-image-1104\" srcset=\"https:\/\/pousadapequizeiro.com.br\/wp-site\/wp-content\/uploads\/2025\/02\/IMG_0494-768x1024.jpg 768w, https:\/\/pousadapequizeiro.com.br\/wp-site\/wp-content\/uploads\/2025\/02\/IMG_0494-scaled-350x467.jpg 350w, https:\/\/pousadapequizeiro.com.br\/wp-site\/wp-content\/uploads\/2025\/02\/IMG_0494-225x300.jpg 225w, https:\/\/pousadapequizeiro.com.br\/wp-site\/wp-content\/uploads\/2025\/02\/IMG_0494-1152x1536.jpg 1152w, https:\/\/pousadapequizeiro.com.br\/wp-site\/wp-content\/uploads\/2025\/02\/IMG_0494-1536x2048.jpg 1536w, https:\/\/pousadapequizeiro.com.br\/wp-site\/wp-content\/uploads\/2025\/02\/IMG_0494-scaled.jpg 1920w\" sizes=\"(max-width: 767px) 89vw, (max-width: 1000px) 54vw, (max-width: 1071px) 543px, 580px\" \/><\/a><\/figure>\n<\/figure>\n\n\n\n<h4 class=\"wp-block-heading\">Sobre<\/h4>\n\n\n\n<p>Localizada em Cavalcante, Goi\u00e1s, a Pequizeiro Eco Pousada oferece op\u00e7\u00f5es de hospedagem em su\u00edtes privativas, quarto compartilhado e Camping.<\/p>\n\n\n\n<p>Cel.: <a href=\"http:\/\/wa.me\/5562996936099\">(62) 99693-6099<\/a>&nbsp;(whatsapp)<\/p>\n\n\n\n<p><a href=\"mailto:contato@pousadapequizeiro.com.br\">contato@pousadapequizeiro.com.br<\/a><\/p>\n\n\n\n<p>Nossa equipe est\u00e1 pronta para receb\u00ea-lo com hospitalidade e profissionalismo.<\/p>\n\n\n\n<p>Desfrute da Natureza na Chapada dos Veadeiros!<\/p>\n\n\n\n<p><\/p>\n","protected":false},"excerpt":{"rendered":"<p>Sua Hospedagem Sustent\u00e1vel na Chapada dos Veadeiros Aventure-se em um ref\u00fagio ecol\u00f3gico \u00fanico no cora\u00e7\u00e3o de Goi\u00e1s. Sobre Localizada em Cavalcante, Goi\u00e1s, a Pequizeiro Eco Pousada oferece op\u00e7\u00f5es de hospedagem em su\u00edtes privativas, quarto compartilhado e Camping. Cel.: (62) 99693-6099&nbsp;(whatsapp) contato@pousadapequizeiro.com.br Nossa equipe est\u00e1 pronta para receb\u00ea-lo com hospitalidade e profissionalismo. Desfrute da Natureza na &hellip; <\/p>\n<p class=\"link-more\"><a href=\"https:\/\/pousadapequizeiro.com.br\/wp-site\/\" class=\"more-link\">Continue lendo<span class=\"screen-reader-text\"> &#8220;Pequizeiro Eco Pousada&#8221;<\/span><\/a><\/p>\n","protected":false},"author":1,"featured_media":1190,"parent":0,"menu_order":0,"comment_status":"closed","ping_status":"closed","template":"","meta":{"footnotes":""},"class_list":["post-14","page","type-page","status-publish","has-post-thumbnail","hentry"],"yoast_head":"<!-- This site is optimized with the Yoast SEO plugin v27.5 - https:\/\/yoast.com\/product\/yoast-seo-wordpress\/ -->\n<title>Pequizeiro Eco Pousada - Pequizeiro Eco Pousada Eco Pousada - Chapada dos Veadeiros<\/title>\n<meta name=\"description\" content=\"Pequizeiro Eco Pousada - Pequizeiro Eco Pousada Eco Pousada - Hospedagem Sustent\u00e1vel na Chapada dos Veadeiros - Cavalcante - GO\" \/>\n<meta name=\"robots\" content=\"index, follow, max-snippet:-1, max-image-preview:large, max-video-preview:-1\" \/>\n<link rel=\"canonical\" href=\"https:\/\/pousadapequizeiro.com.br\/wp-site\/\" \/>\n<meta property=\"og:locale\" content=\"pt_BR\" \/>\n<meta property=\"og:type\" content=\"article\" \/>\n<meta property=\"og:title\" content=\"Pequizeiro Eco Pousada - Pequizeiro Eco Pousada Eco Pousada - Chapada dos Veadeiros\" \/>\n<meta property=\"og:description\" content=\"Pequizeiro Eco Pousada - Pequizeiro Eco Pousada Eco Pousada - Hospedagem Sustent\u00e1vel na Chapada dos Veadeiros - Cavalcante - GO\" \/>\n<meta property=\"og:url\" content=\"https:\/\/pousadapequizeiro.com.br\/wp-site\/\" \/>\n<meta property=\"og:site_name\" content=\"Pequizeiro Eco Pousada\" \/>\n<meta property=\"article:publisher\" content=\"https:\/\/www.facebook.com\/pequizeiroecopousada\" \/>\n<meta property=\"article:modified_time\" content=\"2025-02-07T19:24:59+00:00\" \/>\n<meta property=\"og:image\" content=\"https:\/\/pousadapequizeiro.com.br\/wp-site\/wp-content\/uploads\/2025\/02\/IMG_20250205_140455-scaled.jpg\" \/>\n\t<meta property=\"og:image:width\" content=\"2560\" \/>\n\t<meta property=\"og:image:height\" content=\"1155\" \/>\n\t<meta property=\"og:image:type\" content=\"image\/jpeg\" \/>\n<meta name=\"twitter:card\" content=\"summary_large_image\" \/>\n<meta name=\"twitter:label1\" content=\"Est. tempo de leitura\" \/>\n\t<meta name=\"twitter:data1\" content=\"2 minutos\" \/>\n<script type=\"application\/ld+json\" class=\"yoast-schema-graph\">{\"@context\":\"https:\\\/\\\/schema.org\",\"@graph\":[{\"@type\":\"WebPage\",\"@id\":\"https:\\\/\\\/pousadapequizeiro.com.br\\\/wp-site\\\/\",\"url\":\"https:\\\/\\\/pousadapequizeiro.com.br\\\/wp-site\\\/\",\"name\":\"Pequizeiro Eco Pousada - Pequizeiro Eco Pousada Eco Pousada - Chapada dos Veadeiros\",\"isPartOf\":{\"@id\":\"https:\\\/\\\/pousadapequizeiro.com.br\\\/wp-site\\\/#website\"},\"primaryImageOfPage\":{\"@id\":\"https:\\\/\\\/pousadapequizeiro.com.br\\\/wp-site\\\/#primaryimage\"},\"image\":{\"@id\":\"https:\\\/\\\/pousadapequizeiro.com.br\\\/wp-site\\\/#primaryimage\"},\"thumbnailUrl\":\"https:\\\/\\\/pousadapequizeiro.com.br\\\/wp-site\\\/wp-content\\\/uploads\\\/2025\\\/02\\\/IMG_20250205_140455-scaled.jpg\",\"datePublished\":\"2016-06-07T15:20:10+00:00\",\"dateModified\":\"2025-02-07T19:24:59+00:00\",\"description\":\"Pequizeiro Eco Pousada - Pequizeiro Eco Pousada Eco Pousada - Hospedagem Sustent\u00e1vel na Chapada dos Veadeiros - Cavalcante - GO\",\"breadcrumb\":{\"@id\":\"https:\\\/\\\/pousadapequizeiro.com.br\\\/wp-site\\\/#breadcrumb\"},\"inLanguage\":\"pt-BR\",\"potentialAction\":[{\"@type\":\"ReadAction\",\"target\":[\"https:\\\/\\\/pousadapequizeiro.com.br\\\/wp-site\\\/\"]}]},{\"@type\":\"ImageObject\",\"inLanguage\":\"pt-BR\",\"@id\":\"https:\\\/\\\/pousadapequizeiro.com.br\\\/wp-site\\\/#primaryimage\",\"url\":\"https:\\\/\\\/pousadapequizeiro.com.br\\\/wp-site\\\/wp-content\\\/uploads\\\/2025\\\/02\\\/IMG_20250205_140455-scaled.jpg\",\"contentUrl\":\"https:\\\/\\\/pousadapequizeiro.com.br\\\/wp-site\\\/wp-content\\\/uploads\\\/2025\\\/02\\\/IMG_20250205_140455-scaled.jpg\",\"width\":2560,\"height\":1155},{\"@type\":\"BreadcrumbList\",\"@id\":\"https:\\\/\\\/pousadapequizeiro.com.br\\\/wp-site\\\/#breadcrumb\",\"itemListElement\":[{\"@type\":\"ListItem\",\"position\":1,\"name\":\"In\u00edcio\",\"item\":\"https:\\\/\\\/pousadapequizeiro.com.br\\\/wp-site\\\/\"},{\"@type\":\"ListItem\",\"position\":2,\"name\":\"Pequizeiro Eco Pousada\"}]},{\"@type\":\"WebSite\",\"@id\":\"https:\\\/\\\/pousadapequizeiro.com.br\\\/wp-site\\\/#website\",\"url\":\"https:\\\/\\\/pousadapequizeiro.com.br\\\/wp-site\\\/\",\"name\":\"Pequizeiro\",\"description\":\"Conforto, tranquilidade e experi\u00eancias \u00fanicas na Chapada dos Veadeiros\",\"publisher\":{\"@id\":\"https:\\\/\\\/pousadapequizeiro.com.br\\\/wp-site\\\/#organization\"},\"alternateName\":\"EcoPousada Pequizeiro - Hospedagem Sustent\u00e1vel na Chapada dos Veadeiros\",\"potentialAction\":[{\"@type\":\"SearchAction\",\"target\":{\"@type\":\"EntryPoint\",\"urlTemplate\":\"https:\\\/\\\/pousadapequizeiro.com.br\\\/wp-site\\\/?s={search_term_string}\"},\"query-input\":{\"@type\":\"PropertyValueSpecification\",\"valueRequired\":true,\"valueName\":\"search_term_string\"}}],\"inLanguage\":\"pt-BR\"},{\"@type\":\"Organization\",\"@id\":\"https:\\\/\\\/pousadapequizeiro.com.br\\\/wp-site\\\/#organization\",\"name\":\"Pequizeiro Eco Pousada\",\"alternateName\":\"EcoPousada Pequizeiro - Hospedagem Sustent\u00e1vel na Chapada dos Veadeiros\",\"url\":\"https:\\\/\\\/pousadapequizeiro.com.br\\\/wp-site\\\/\",\"logo\":{\"@type\":\"ImageObject\",\"inLanguage\":\"pt-BR\",\"@id\":\"https:\\\/\\\/pousadapequizeiro.com.br\\\/wp-site\\\/#\\\/schema\\\/logo\\\/image\\\/\",\"url\":\"https:\\\/\\\/pousadapequizeiro.com.br\\\/wp-site\\\/wp-content\\\/uploads\\\/2025\\\/01\\\/Pequizeiro-Eco-Pousada_transp.png\",\"contentUrl\":\"https:\\\/\\\/pousadapequizeiro.com.br\\\/wp-site\\\/wp-content\\\/uploads\\\/2025\\\/01\\\/Pequizeiro-Eco-Pousada_transp.png\",\"width\":500,\"height\":500,\"caption\":\"Pequizeiro Eco Pousada\"},\"image\":{\"@id\":\"https:\\\/\\\/pousadapequizeiro.com.br\\\/wp-site\\\/#\\\/schema\\\/logo\\\/image\\\/\"},\"sameAs\":[\"https:\\\/\\\/www.facebook.com\\\/pequizeiroecopousada\",\"https:\\\/\\\/www.instagram.com\\\/pequizeiroecopousada\\\/\",\"https:\\\/\\\/www.tiktok.com\\\/@pequizeiroecopousada\"]}]}<\/script>\n<!-- \/ Yoast SEO plugin. -->","yoast_head_json":{"title":"Pequizeiro Eco Pousada - Pequizeiro Eco Pousada Eco Pousada - Chapada dos Veadeiros","description":"Pequizeiro Eco Pousada - Pequizeiro Eco Pousada Eco Pousada - Hospedagem Sustent\u00e1vel na Chapada dos Veadeiros - Cavalcante - GO","robots":{"index":"index","follow":"follow","max-snippet":"max-snippet:-1","max-image-preview":"max-image-preview:large","max-video-preview":"max-video-preview:-1"},"canonical":"https:\/\/pousadapequizeiro.com.br\/wp-site\/","og_locale":"pt_BR","og_type":"article","og_title":"Pequizeiro Eco Pousada - Pequizeiro Eco Pousada Eco Pousada - Chapada dos Veadeiros","og_description":"Pequizeiro Eco Pousada - Pequizeiro Eco Pousada Eco Pousada - Hospedagem Sustent\u00e1vel na Chapada dos Veadeiros - Cavalcante - GO","og_url":"https:\/\/pousadapequizeiro.com.br\/wp-site\/","og_site_name":"Pequizeiro Eco Pousada","article_publisher":"https:\/\/www.facebook.com\/pequizeiroecopousada","article_modified_time":"2025-02-07T19:24:59+00:00","og_image":[{"width":2560,"height":1155,"url":"https:\/\/pousadapequizeiro.com.br\/wp-site\/wp-content\/uploads\/2025\/02\/IMG_20250205_140455-scaled.jpg","type":"image\/jpeg"}],"twitter_card":"summary_large_image","twitter_misc":{"Est. tempo de leitura":"2 minutos"},"schema":{"@context":"https:\/\/schema.org","@graph":[{"@type":"WebPage","@id":"https:\/\/pousadapequizeiro.com.br\/wp-site\/","url":"https:\/\/pousadapequizeiro.com.br\/wp-site\/","name":"Pequizeiro Eco Pousada - Pequizeiro Eco Pousada Eco Pousada - Chapada dos Veadeiros","isPartOf":{"@id":"https:\/\/pousadapequizeiro.com.br\/wp-site\/#website"},"primaryImageOfPage":{"@id":"https:\/\/pousadapequizeiro.com.br\/wp-site\/#primaryimage"},"image":{"@id":"https:\/\/pousadapequizeiro.com.br\/wp-site\/#primaryimage"},"thumbnailUrl":"https:\/\/pousadapequizeiro.com.br\/wp-site\/wp-content\/uploads\/2025\/02\/IMG_20250205_140455-scaled.jpg","datePublished":"2016-06-07T15:20:10+00:00","dateModified":"2025-02-07T19:24:59+00:00","description":"Pequizeiro Eco Pousada - Pequizeiro Eco Pousada Eco Pousada - Hospedagem Sustent\u00e1vel na Chapada dos Veadeiros - Cavalcante - GO","breadcrumb":{"@id":"https:\/\/pousadapequizeiro.com.br\/wp-site\/#breadcrumb"},"inLanguage":"pt-BR","potentialAction":[{"@type":"ReadAction","target":["https:\/\/pousadapequizeiro.com.br\/wp-site\/"]}]},{"@type":"ImageObject","inLanguage":"pt-BR","@id":"https:\/\/pousadapequizeiro.com.br\/wp-site\/#primaryimage","url":"https:\/\/pousadapequizeiro.com.br\/wp-site\/wp-content\/uploads\/2025\/02\/IMG_20250205_140455-scaled.jpg","contentUrl":"https:\/\/pousadapequizeiro.com.br\/wp-site\/wp-content\/uploads\/2025\/02\/IMG_20250205_140455-scaled.jpg","width":2560,"height":1155},{"@type":"BreadcrumbList","@id":"https:\/\/pousadapequizeiro.com.br\/wp-site\/#breadcrumb","itemListElement":[{"@type":"ListItem","position":1,"name":"In\u00edcio","item":"https:\/\/pousadapequizeiro.com.br\/wp-site\/"},{"@type":"ListItem","position":2,"name":"Pequizeiro Eco Pousada"}]},{"@type":"WebSite","@id":"https:\/\/pousadapequizeiro.com.br\/wp-site\/#website","url":"https:\/\/pousadapequizeiro.com.br\/wp-site\/","name":"Pequizeiro","description":"Conforto, tranquilidade e experi\u00eancias \u00fanicas na Chapada dos Veadeiros","publisher":{"@id":"https:\/\/pousadapequizeiro.com.br\/wp-site\/#organization"},"alternateName":"EcoPousada Pequizeiro - Hospedagem Sustent\u00e1vel na Chapada dos Veadeiros","potentialAction":[{"@type":"SearchAction","target":{"@type":"EntryPoint","urlTemplate":"https:\/\/pousadapequizeiro.com.br\/wp-site\/?s={search_term_string}"},"query-input":{"@type":"PropertyValueSpecification","valueRequired":true,"valueName":"search_term_string"}}],"inLanguage":"pt-BR"},{"@type":"Organization","@id":"https:\/\/pousadapequizeiro.com.br\/wp-site\/#organization","name":"Pequizeiro Eco Pousada","alternateName":"EcoPousada Pequizeiro - Hospedagem Sustent\u00e1vel na Chapada dos Veadeiros","url":"https:\/\/pousadapequizeiro.com.br\/wp-site\/","logo":{"@type":"ImageObject","inLanguage":"pt-BR","@id":"https:\/\/pousadapequizeiro.com.br\/wp-site\/#\/schema\/logo\/image\/","url":"https:\/\/pousadapequizeiro.com.br\/wp-site\/wp-content\/uploads\/2025\/01\/Pequizeiro-Eco-Pousada_transp.png","contentUrl":"https:\/\/pousadapequizeiro.com.br\/wp-site\/wp-content\/uploads\/2025\/01\/Pequizeiro-Eco-Pousada_transp.png","width":500,"height":500,"caption":"Pequizeiro Eco Pousada"},"image":{"@id":"https:\/\/pousadapequizeiro.com.br\/wp-site\/#\/schema\/logo\/image\/"},"sameAs":["https:\/\/www.facebook.com\/pequizeiroecopousada","https:\/\/www.instagram.com\/pequizeiroecopousada\/","https:\/\/www.tiktok.com\/@pequizeiroecopousada"]}]}},"_links":{"self":[{"href":"https:\/\/pousadapequizeiro.com.br\/wp-site\/wp-json\/wp\/v2\/pages\/14","targetHints":{"allow":["GET"]}}],"collection":[{"href":"https:\/\/pousadapequizeiro.com.br\/wp-site\/wp-json\/wp\/v2\/pages"}],"about":[{"href":"https:\/\/pousadapequizeiro.com.br\/wp-site\/wp-json\/wp\/v2\/types\/page"}],"author":[{"embeddable":true,"href":"https:\/\/pousadapequizeiro.com.br\/wp-site\/wp-json\/wp\/v2\/users\/1"}],"replies":[{"embeddable":true,"href":"https:\/\/pousadapequizeiro.com.br\/wp-site\/wp-json\/wp\/v2\/comments?post=14"}],"version-history":[{"count":52,"href":"https:\/\/pousadapequizeiro.com.br\/wp-site\/wp-json\/wp\/v2\/pages\/14\/revisions"}],"predecessor-version":[{"id":1295,"href":"https:\/\/pousadapequizeiro.com.br\/wp-site\/wp-json\/wp\/v2\/pages\/14\/revisions\/1295"}],"wp:featuredmedia":[{"embeddable":true,"href":"https:\/\/pousadapequizeiro.com.br\/wp-site\/wp-json\/wp\/v2\/media\/1190"}],"wp:attachment":[{"href":"https:\/\/pousadapequizeiro.com.br\/wp-site\/wp-json\/wp\/v2\/media?parent=14"}],"curies":[{"name":"wp","href":"https:\/\/api.w.org\/{rel}","templated":true}]}}