{"id":36,"date":"2016-07-07T00:18:55","date_gmt":"2016-07-07T00:18:55","guid":{"rendered":"https:\/\/pousadapequizeiro.com.br\/wp-site\/?page_id=36"},"modified":"2025-02-08T14:44:37","modified_gmt":"2025-02-08T17:44:37","slug":"camping","status":"publish","type":"page","link":"https:\/\/pousadapequizeiro.com.br\/wp-site\/camping\/","title":{"rendered":"Camping"},"content":{"rendered":"\n<p>ACAMPAMENTO TUR\u00cdSTICO<\/p>\n\n\n\n<p>Espa\u00e7o amplo, gramado e arborizado para uma experi\u00eancia aut\u00eantica ao ar livre. Conecte-se com a natureza da Chapada dos Veadeiros<\/p>\n\n\n\n<figure class=\"wp-block-gallery has-nested-images columns-4 is-cropped wp-block-gallery-1 is-layout-flex wp-block-gallery-is-layout-flex\">\n<figure class=\"wp-block-image size-large\"><a href=\"https:\/\/pousadapequizeiro.com.br\/wp-site\/wp-content\/uploads\/2025\/02\/IMG_20231111_120310-scaled.jpg\"><img fetchpriority=\"high\" decoding=\"async\" width=\"576\" height=\"1024\" data-id=\"1181\" src=\"https:\/\/pousadapequizeiro.com.br\/wp-site\/wp-content\/uploads\/2025\/02\/IMG_20231111_120310-576x1024.jpg\" alt=\"\" class=\"wp-image-1181\" srcset=\"https:\/\/pousadapequizeiro.com.br\/wp-site\/wp-content\/uploads\/2025\/02\/IMG_20231111_120310-576x1024.jpg 576w, https:\/\/pousadapequizeiro.com.br\/wp-site\/wp-content\/uploads\/2025\/02\/IMG_20231111_120310-scaled-350x622.jpg 350w, https:\/\/pousadapequizeiro.com.br\/wp-site\/wp-content\/uploads\/2025\/02\/IMG_20231111_120310-169x300.jpg 169w, https:\/\/pousadapequizeiro.com.br\/wp-site\/wp-content\/uploads\/2025\/02\/IMG_20231111_120310-768x1365.jpg 768w, https:\/\/pousadapequizeiro.com.br\/wp-site\/wp-content\/uploads\/2025\/02\/IMG_20231111_120310-864x1536.jpg 864w, https:\/\/pousadapequizeiro.com.br\/wp-site\/wp-content\/uploads\/2025\/02\/IMG_20231111_120310-1152x2048.jpg 1152w, https:\/\/pousadapequizeiro.com.br\/wp-site\/wp-content\/uploads\/2025\/02\/IMG_20231111_120310-scaled.jpg 1440w\" sizes=\"(max-width: 576px) 100vw, 576px\" \/><\/a><\/figure>\n\n\n\n<figure class=\"wp-block-image size-full\"><a href=\"https:\/\/pousadapequizeiro.com.br\/wp-site\/wp-content\/uploads\/2025\/02\/IMG_20231111_120920-scaled.jpg\"><img decoding=\"async\" width=\"1440\" height=\"2560\" data-id=\"1369\" src=\"https:\/\/pousadapequizeiro.com.br\/wp-site\/wp-content\/uploads\/2025\/02\/IMG_20231111_120920-scaled.jpg\" alt=\"\" class=\"wp-image-1369\" srcset=\"https:\/\/pousadapequizeiro.com.br\/wp-site\/wp-content\/uploads\/2025\/02\/IMG_20231111_120920-scaled.jpg 1440w, https:\/\/pousadapequizeiro.com.br\/wp-site\/wp-content\/uploads\/2025\/02\/IMG_20231111_120920-scaled-350x622.jpg 350w, https:\/\/pousadapequizeiro.com.br\/wp-site\/wp-content\/uploads\/2025\/02\/IMG_20231111_120920-169x300.jpg 169w, https:\/\/pousadapequizeiro.com.br\/wp-site\/wp-content\/uploads\/2025\/02\/IMG_20231111_120920-576x1024.jpg 576w, https:\/\/pousadapequizeiro.com.br\/wp-site\/wp-content\/uploads\/2025\/02\/IMG_20231111_120920-768x1365.jpg 768w, https:\/\/pousadapequizeiro.com.br\/wp-site\/wp-content\/uploads\/2025\/02\/IMG_20231111_120920-864x1536.jpg 864w, https:\/\/pousadapequizeiro.com.br\/wp-site\/wp-content\/uploads\/2025\/02\/IMG_20231111_120920-1152x2048.jpg 1152w\" sizes=\"(max-width: 767px) 89vw, (max-width: 1000px) 54vw, (max-width: 1071px) 543px, 580px\" \/><\/a><\/figure>\n\n\n\n<figure class=\"wp-block-image size-large\"><a href=\"https:\/\/pousadapequizeiro.com.br\/wp-site\/wp-content\/uploads\/2025\/02\/IMG_20231102_120012-scaled.jpg\"><img decoding=\"async\" width=\"1024\" height=\"576\" data-id=\"1183\" src=\"https:\/\/pousadapequizeiro.com.br\/wp-site\/wp-content\/uploads\/2025\/02\/IMG_20231102_120012-1024x576.jpg\" alt=\"\" class=\"wp-image-1183\" srcset=\"https:\/\/pousadapequizeiro.com.br\/wp-site\/wp-content\/uploads\/2025\/02\/IMG_20231102_120012-1024x576.jpg 1024w, https:\/\/pousadapequizeiro.com.br\/wp-site\/wp-content\/uploads\/2025\/02\/IMG_20231102_120012-scaled-350x197.jpg 350w, https:\/\/pousadapequizeiro.com.br\/wp-site\/wp-content\/uploads\/2025\/02\/IMG_20231102_120012-300x169.jpg 300w, https:\/\/pousadapequizeiro.com.br\/wp-site\/wp-content\/uploads\/2025\/02\/IMG_20231102_120012-768x432.jpg 768w, https:\/\/pousadapequizeiro.com.br\/wp-site\/wp-content\/uploads\/2025\/02\/IMG_20231102_120012-1536x864.jpg 1536w, https:\/\/pousadapequizeiro.com.br\/wp-site\/wp-content\/uploads\/2025\/02\/IMG_20231102_120012-2048x1152.jpg 2048w\" sizes=\"(max-width: 767px) 89vw, (max-width: 1000px) 54vw, (max-width: 1071px) 543px, 580px\" \/><\/a><\/figure>\n\n\n\n<figure class=\"wp-block-image size-large\"><a href=\"https:\/\/pousadapequizeiro.com.br\/wp-site\/wp-content\/uploads\/2025\/02\/AC1A0294-scaled.jpg\"><img loading=\"lazy\" decoding=\"async\" width=\"1024\" height=\"683\" data-id=\"1383\" src=\"https:\/\/pousadapequizeiro.com.br\/wp-site\/wp-content\/uploads\/2025\/02\/AC1A0294-1024x683.jpg\" alt=\"\" class=\"wp-image-1383\" srcset=\"https:\/\/pousadapequizeiro.com.br\/wp-site\/wp-content\/uploads\/2025\/02\/AC1A0294-1024x683.jpg 1024w, https:\/\/pousadapequizeiro.com.br\/wp-site\/wp-content\/uploads\/2025\/02\/AC1A0294-scaled-350x233.jpg 350w, https:\/\/pousadapequizeiro.com.br\/wp-site\/wp-content\/uploads\/2025\/02\/AC1A0294-300x200.jpg 300w, https:\/\/pousadapequizeiro.com.br\/wp-site\/wp-content\/uploads\/2025\/02\/AC1A0294-768x512.jpg 768w, https:\/\/pousadapequizeiro.com.br\/wp-site\/wp-content\/uploads\/2025\/02\/AC1A0294-1536x1024.jpg 1536w, https:\/\/pousadapequizeiro.com.br\/wp-site\/wp-content\/uploads\/2025\/02\/AC1A0294-2048x1365.jpg 2048w\" sizes=\"(max-width: 767px) 89vw, (max-width: 1000px) 54vw, (max-width: 1071px) 543px, 580px\" \/><\/a><\/figure>\n<\/figure>\n\n\n\n<p>No camping da Pequizeiro Eco Pousada voc\u00ea tem a op\u00e7\u00e3o de acampar com sua pr\u00f3pria barraca ou alugar barracas j\u00e1 montadas e equipadas.<\/p>\n\n\n\n<p>Estacionamento interno para motorhomes e trailers.<\/p>\n\n\n\n<p><\/p>\n","protected":false},"excerpt":{"rendered":"<p>ACAMPAMENTO TUR\u00cdSTICO Espa\u00e7o amplo, gramado e arborizado para uma experi\u00eancia aut\u00eantica ao ar livre. Conecte-se com a natureza da Chapada dos Veadeiros No camping da Pequizeiro Eco Pousada voc\u00ea tem a op\u00e7\u00e3o de acampar com sua pr\u00f3pria barraca ou alugar barracas j\u00e1 montadas e equipadas. Estacionamento interno para motorhomes e trailers.<\/p>\n","protected":false},"author":1,"featured_media":0,"parent":0,"menu_order":0,"comment_status":"closed","ping_status":"closed","template":"","meta":{"footnotes":""},"class_list":["post-36","page","type-page","status-publish","hentry"],"yoast_head":"<!-- This site is optimized with the Yoast SEO plugin v27.5 - https:\/\/yoast.com\/product\/yoast-seo-wordpress\/ -->\n<title>Camping - Pequizeiro Eco Pousada Eco Pousada - Chapada dos Veadeiros<\/title>\n<meta name=\"description\" content=\"Camping - Pequizeiro Eco Pousada Eco Pousada - Hospedagem Sustent\u00e1vel na Chapada dos Veadeiros - Cavalcante - GO\" \/>\n<meta name=\"robots\" content=\"index, follow, max-snippet:-1, max-image-preview:large, max-video-preview:-1\" \/>\n<link rel=\"canonical\" href=\"https:\/\/pousadapequizeiro.com.br\/wp-site\/camping\/\" \/>\n<meta property=\"og:locale\" content=\"pt_BR\" \/>\n<meta property=\"og:type\" content=\"article\" \/>\n<meta property=\"og:title\" content=\"Camping - Pequizeiro Eco Pousada Eco Pousada - Chapada dos Veadeiros\" \/>\n<meta property=\"og:description\" content=\"Camping - Pequizeiro Eco Pousada Eco Pousada - Hospedagem Sustent\u00e1vel na Chapada dos Veadeiros - Cavalcante - GO\" \/>\n<meta property=\"og:url\" content=\"https:\/\/pousadapequizeiro.com.br\/wp-site\/camping\/\" \/>\n<meta property=\"og:site_name\" content=\"Pequizeiro Eco Pousada\" \/>\n<meta property=\"article:publisher\" content=\"https:\/\/www.facebook.com\/pequizeiroecopousada\" \/>\n<meta property=\"article:modified_time\" content=\"2025-02-08T17:44:37+00:00\" \/>\n<meta property=\"og:image\" content=\"https:\/\/pousadapequizeiro.com.br\/wp-site\/wp-content\/uploads\/2025\/02\/IMG_20231111_120310-576x1024.jpg\" \/>\n<meta name=\"twitter:card\" content=\"summary_large_image\" \/>\n<meta name=\"twitter:label1\" content=\"Est. tempo de leitura\" \/>\n\t<meta name=\"twitter:data1\" content=\"2 minutos\" \/>\n<script type=\"application\/ld+json\" class=\"yoast-schema-graph\">{\"@context\":\"https:\\\/\\\/schema.org\",\"@graph\":[{\"@type\":\"WebPage\",\"@id\":\"https:\\\/\\\/pousadapequizeiro.com.br\\\/wp-site\\\/camping\\\/\",\"url\":\"https:\\\/\\\/pousadapequizeiro.com.br\\\/wp-site\\\/camping\\\/\",\"name\":\"Camping - Pequizeiro Eco Pousada Eco Pousada - Chapada dos Veadeiros\",\"isPartOf\":{\"@id\":\"https:\\\/\\\/pousadapequizeiro.com.br\\\/wp-site\\\/#website\"},\"primaryImageOfPage\":{\"@id\":\"https:\\\/\\\/pousadapequizeiro.com.br\\\/wp-site\\\/camping\\\/#primaryimage\"},\"image\":{\"@id\":\"https:\\\/\\\/pousadapequizeiro.com.br\\\/wp-site\\\/camping\\\/#primaryimage\"},\"thumbnailUrl\":\"https:\\\/\\\/pousadapequizeiro.com.br\\\/wp-site\\\/wp-content\\\/uploads\\\/2025\\\/02\\\/IMG_20231111_120310-576x1024.jpg\",\"datePublished\":\"2016-07-07T00:18:55+00:00\",\"dateModified\":\"2025-02-08T17:44:37+00:00\",\"description\":\"Camping - Pequizeiro Eco Pousada Eco Pousada - Hospedagem Sustent\u00e1vel na Chapada dos Veadeiros - Cavalcante - GO\",\"breadcrumb\":{\"@id\":\"https:\\\/\\\/pousadapequizeiro.com.br\\\/wp-site\\\/camping\\\/#breadcrumb\"},\"inLanguage\":\"pt-BR\",\"potentialAction\":[{\"@type\":\"ReadAction\",\"target\":[\"https:\\\/\\\/pousadapequizeiro.com.br\\\/wp-site\\\/camping\\\/\"]}]},{\"@type\":\"ImageObject\",\"inLanguage\":\"pt-BR\",\"@id\":\"https:\\\/\\\/pousadapequizeiro.com.br\\\/wp-site\\\/camping\\\/#primaryimage\",\"url\":\"https:\\\/\\\/pousadapequizeiro.com.br\\\/wp-site\\\/wp-content\\\/uploads\\\/2025\\\/02\\\/IMG_20231111_120310-scaled.jpg\",\"contentUrl\":\"https:\\\/\\\/pousadapequizeiro.com.br\\\/wp-site\\\/wp-content\\\/uploads\\\/2025\\\/02\\\/IMG_20231111_120310-scaled.jpg\",\"width\":1440,\"height\":2560},{\"@type\":\"BreadcrumbList\",\"@id\":\"https:\\\/\\\/pousadapequizeiro.com.br\\\/wp-site\\\/camping\\\/#breadcrumb\",\"itemListElement\":[{\"@type\":\"ListItem\",\"position\":1,\"name\":\"In\u00edcio\",\"item\":\"https:\\\/\\\/pousadapequizeiro.com.br\\\/wp-site\\\/\"},{\"@type\":\"ListItem\",\"position\":2,\"name\":\"Camping\"}]},{\"@type\":\"WebSite\",\"@id\":\"https:\\\/\\\/pousadapequizeiro.com.br\\\/wp-site\\\/#website\",\"url\":\"https:\\\/\\\/pousadapequizeiro.com.br\\\/wp-site\\\/\",\"name\":\"Pequizeiro\",\"description\":\"Conforto, tranquilidade e experi\u00eancias \u00fanicas na Chapada dos Veadeiros\",\"publisher\":{\"@id\":\"https:\\\/\\\/pousadapequizeiro.com.br\\\/wp-site\\\/#organization\"},\"alternateName\":\"EcoPousada Pequizeiro - Hospedagem Sustent\u00e1vel na Chapada dos Veadeiros\",\"potentialAction\":[{\"@type\":\"SearchAction\",\"target\":{\"@type\":\"EntryPoint\",\"urlTemplate\":\"https:\\\/\\\/pousadapequizeiro.com.br\\\/wp-site\\\/?s={search_term_string}\"},\"query-input\":{\"@type\":\"PropertyValueSpecification\",\"valueRequired\":true,\"valueName\":\"search_term_string\"}}],\"inLanguage\":\"pt-BR\"},{\"@type\":\"Organization\",\"@id\":\"https:\\\/\\\/pousadapequizeiro.com.br\\\/wp-site\\\/#organization\",\"name\":\"Pequizeiro Eco Pousada\",\"alternateName\":\"EcoPousada Pequizeiro - Hospedagem Sustent\u00e1vel na Chapada dos Veadeiros\",\"url\":\"https:\\\/\\\/pousadapequizeiro.com.br\\\/wp-site\\\/\",\"logo\":{\"@type\":\"ImageObject\",\"inLanguage\":\"pt-BR\",\"@id\":\"https:\\\/\\\/pousadapequizeiro.com.br\\\/wp-site\\\/#\\\/schema\\\/logo\\\/image\\\/\",\"url\":\"https:\\\/\\\/pousadapequizeiro.com.br\\\/wp-site\\\/wp-content\\\/uploads\\\/2025\\\/01\\\/Pequizeiro-Eco-Pousada_transp.png\",\"contentUrl\":\"https:\\\/\\\/pousadapequizeiro.com.br\\\/wp-site\\\/wp-content\\\/uploads\\\/2025\\\/01\\\/Pequizeiro-Eco-Pousada_transp.png\",\"width\":500,\"height\":500,\"caption\":\"Pequizeiro Eco Pousada\"},\"image\":{\"@id\":\"https:\\\/\\\/pousadapequizeiro.com.br\\\/wp-site\\\/#\\\/schema\\\/logo\\\/image\\\/\"},\"sameAs\":[\"https:\\\/\\\/www.facebook.com\\\/pequizeiroecopousada\",\"https:\\\/\\\/www.instagram.com\\\/pequizeiroecopousada\\\/\",\"https:\\\/\\\/www.tiktok.com\\\/@pequizeiroecopousada\"]}]}<\/script>\n<!-- \/ Yoast SEO plugin. -->","yoast_head_json":{"title":"Camping - Pequizeiro Eco Pousada Eco Pousada - Chapada dos Veadeiros","description":"Camping - Pequizeiro Eco Pousada Eco Pousada - Hospedagem Sustent\u00e1vel na Chapada dos Veadeiros - Cavalcante - GO","robots":{"index":"index","follow":"follow","max-snippet":"max-snippet:-1","max-image-preview":"max-image-preview:large","max-video-preview":"max-video-preview:-1"},"canonical":"https:\/\/pousadapequizeiro.com.br\/wp-site\/camping\/","og_locale":"pt_BR","og_type":"article","og_title":"Camping - Pequizeiro Eco Pousada Eco Pousada - Chapada dos Veadeiros","og_description":"Camping - Pequizeiro Eco Pousada Eco Pousada - Hospedagem Sustent\u00e1vel na Chapada dos Veadeiros - Cavalcante - GO","og_url":"https:\/\/pousadapequizeiro.com.br\/wp-site\/camping\/","og_site_name":"Pequizeiro Eco Pousada","article_publisher":"https:\/\/www.facebook.com\/pequizeiroecopousada","article_modified_time":"2025-02-08T17:44:37+00:00","og_image":[{"url":"https:\/\/pousadapequizeiro.com.br\/wp-site\/wp-content\/uploads\/2025\/02\/IMG_20231111_120310-576x1024.jpg","type":"","width":"","height":""}],"twitter_card":"summary_large_image","twitter_misc":{"Est. tempo de leitura":"2 minutos"},"schema":{"@context":"https:\/\/schema.org","@graph":[{"@type":"WebPage","@id":"https:\/\/pousadapequizeiro.com.br\/wp-site\/camping\/","url":"https:\/\/pousadapequizeiro.com.br\/wp-site\/camping\/","name":"Camping - Pequizeiro Eco Pousada Eco Pousada - Chapada dos Veadeiros","isPartOf":{"@id":"https:\/\/pousadapequizeiro.com.br\/wp-site\/#website"},"primaryImageOfPage":{"@id":"https:\/\/pousadapequizeiro.com.br\/wp-site\/camping\/#primaryimage"},"image":{"@id":"https:\/\/pousadapequizeiro.com.br\/wp-site\/camping\/#primaryimage"},"thumbnailUrl":"https:\/\/pousadapequizeiro.com.br\/wp-site\/wp-content\/uploads\/2025\/02\/IMG_20231111_120310-576x1024.jpg","datePublished":"2016-07-07T00:18:55+00:00","dateModified":"2025-02-08T17:44:37+00:00","description":"Camping - Pequizeiro Eco Pousada Eco Pousada - Hospedagem Sustent\u00e1vel na Chapada dos Veadeiros - Cavalcante - GO","breadcrumb":{"@id":"https:\/\/pousadapequizeiro.com.br\/wp-site\/camping\/#breadcrumb"},"inLanguage":"pt-BR","potentialAction":[{"@type":"ReadAction","target":["https:\/\/pousadapequizeiro.com.br\/wp-site\/camping\/"]}]},{"@type":"ImageObject","inLanguage":"pt-BR","@id":"https:\/\/pousadapequizeiro.com.br\/wp-site\/camping\/#primaryimage","url":"https:\/\/pousadapequizeiro.com.br\/wp-site\/wp-content\/uploads\/2025\/02\/IMG_20231111_120310-scaled.jpg","contentUrl":"https:\/\/pousadapequizeiro.com.br\/wp-site\/wp-content\/uploads\/2025\/02\/IMG_20231111_120310-scaled.jpg","width":1440,"height":2560},{"@type":"BreadcrumbList","@id":"https:\/\/pousadapequizeiro.com.br\/wp-site\/camping\/#breadcrumb","itemListElement":[{"@type":"ListItem","position":1,"name":"In\u00edcio","item":"https:\/\/pousadapequizeiro.com.br\/wp-site\/"},{"@type":"ListItem","position":2,"name":"Camping"}]},{"@type":"WebSite","@id":"https:\/\/pousadapequizeiro.com.br\/wp-site\/#website","url":"https:\/\/pousadapequizeiro.com.br\/wp-site\/","name":"Pequizeiro","description":"Conforto, tranquilidade e experi\u00eancias \u00fanicas na Chapada dos Veadeiros","publisher":{"@id":"https:\/\/pousadapequizeiro.com.br\/wp-site\/#organization"},"alternateName":"EcoPousada Pequizeiro - Hospedagem Sustent\u00e1vel na Chapada dos Veadeiros","potentialAction":[{"@type":"SearchAction","target":{"@type":"EntryPoint","urlTemplate":"https:\/\/pousadapequizeiro.com.br\/wp-site\/?s={search_term_string}"},"query-input":{"@type":"PropertyValueSpecification","valueRequired":true,"valueName":"search_term_string"}}],"inLanguage":"pt-BR"},{"@type":"Organization","@id":"https:\/\/pousadapequizeiro.com.br\/wp-site\/#organization","name":"Pequizeiro Eco Pousada","alternateName":"EcoPousada Pequizeiro - Hospedagem Sustent\u00e1vel na Chapada dos Veadeiros","url":"https:\/\/pousadapequizeiro.com.br\/wp-site\/","logo":{"@type":"ImageObject","inLanguage":"pt-BR","@id":"https:\/\/pousadapequizeiro.com.br\/wp-site\/#\/schema\/logo\/image\/","url":"https:\/\/pousadapequizeiro.com.br\/wp-site\/wp-content\/uploads\/2025\/01\/Pequizeiro-Eco-Pousada_transp.png","contentUrl":"https:\/\/pousadapequizeiro.com.br\/wp-site\/wp-content\/uploads\/2025\/01\/Pequizeiro-Eco-Pousada_transp.png","width":500,"height":500,"caption":"Pequizeiro Eco Pousada"},"image":{"@id":"https:\/\/pousadapequizeiro.com.br\/wp-site\/#\/schema\/logo\/image\/"},"sameAs":["https:\/\/www.facebook.com\/pequizeiroecopousada","https:\/\/www.instagram.com\/pequizeiroecopousada\/","https:\/\/www.tiktok.com\/@pequizeiroecopousada"]}]}},"_links":{"self":[{"href":"https:\/\/pousadapequizeiro.com.br\/wp-site\/wp-json\/wp\/v2\/pages\/36","targetHints":{"allow":["GET"]}}],"collection":[{"href":"https:\/\/pousadapequizeiro.com.br\/wp-site\/wp-json\/wp\/v2\/pages"}],"about":[{"href":"https:\/\/pousadapequizeiro.com.br\/wp-site\/wp-json\/wp\/v2\/types\/page"}],"author":[{"embeddable":true,"href":"https:\/\/pousadapequizeiro.com.br\/wp-site\/wp-json\/wp\/v2\/users\/1"}],"replies":[{"embeddable":true,"href":"https:\/\/pousadapequizeiro.com.br\/wp-site\/wp-json\/wp\/v2\/comments?post=36"}],"version-history":[{"count":14,"href":"https:\/\/pousadapequizeiro.com.br\/wp-site\/wp-json\/wp\/v2\/pages\/36\/revisions"}],"predecessor-version":[{"id":1385,"href":"https:\/\/pousadapequizeiro.com.br\/wp-site\/wp-json\/wp\/v2\/pages\/36\/revisions\/1385"}],"wp:attachment":[{"href":"https:\/\/pousadapequizeiro.com.br\/wp-site\/wp-json\/wp\/v2\/media?parent=36"}],"curies":[{"name":"wp","href":"https:\/\/api.w.org\/{rel}","templated":true}]}}