{"id":42,"date":"2016-07-07T00:22:44","date_gmt":"2016-07-07T00:22:44","guid":{"rendered":"https:\/\/pousadapequizeiro.com.br\/wp-site\/?page_id=42"},"modified":"2025-02-25T18:51:42","modified_gmt":"2025-02-25T21:51:42","slug":"areas-coletivas","status":"publish","type":"page","link":"https:\/\/pousadapequizeiro.com.br\/wp-site\/areas-coletivas\/","title":{"rendered":"\u00c1reas de Uso Coletivo"},"content":{"rendered":"\n<figure class=\"wp-block-gallery has-nested-images columns-5 is-cropped wp-block-gallery-1 is-layout-flex wp-block-gallery-is-layout-flex\">\n<figure class=\"wp-block-image size-large\"><a href=\"https:\/\/pousadapequizeiro.com.br\/wp-site\/wp-content\/uploads\/2025\/02\/IMG_20250205_153458-scaled.jpg\"><img fetchpriority=\"high\" decoding=\"async\" width=\"1024\" height=\"461\" data-id=\"1275\" src=\"https:\/\/pousadapequizeiro.com.br\/wp-site\/wp-content\/uploads\/2025\/02\/IMG_20250205_153458-1024x461.jpg\" alt=\"\" class=\"wp-image-1275\" srcset=\"https:\/\/pousadapequizeiro.com.br\/wp-site\/wp-content\/uploads\/2025\/02\/IMG_20250205_153458-1024x461.jpg 1024w, https:\/\/pousadapequizeiro.com.br\/wp-site\/wp-content\/uploads\/2025\/02\/IMG_20250205_153458-scaled-350x158.jpg 350w, https:\/\/pousadapequizeiro.com.br\/wp-site\/wp-content\/uploads\/2025\/02\/IMG_20250205_153458-300x135.jpg 300w, https:\/\/pousadapequizeiro.com.br\/wp-site\/wp-content\/uploads\/2025\/02\/IMG_20250205_153458-768x346.jpg 768w, https:\/\/pousadapequizeiro.com.br\/wp-site\/wp-content\/uploads\/2025\/02\/IMG_20250205_153458-1536x691.jpg 1536w, https:\/\/pousadapequizeiro.com.br\/wp-site\/wp-content\/uploads\/2025\/02\/IMG_20250205_153458-2048x922.jpg 2048w\" sizes=\"(max-width: 767px) 89vw, (max-width: 1000px) 54vw, (max-width: 1071px) 543px, 580px\" \/><\/a><\/figure>\n\n\n\n<figure class=\"wp-block-image size-large\"><a href=\"https:\/\/pousadapequizeiro.com.br\/wp-site\/wp-content\/uploads\/2025\/02\/IMG_2147-scaled.jpg\"><img decoding=\"async\" width=\"768\" height=\"1024\" data-id=\"1277\" src=\"https:\/\/pousadapequizeiro.com.br\/wp-site\/wp-content\/uploads\/2025\/02\/IMG_2147-768x1024.jpg\" alt=\"\" class=\"wp-image-1277\" srcset=\"https:\/\/pousadapequizeiro.com.br\/wp-site\/wp-content\/uploads\/2025\/02\/IMG_2147-768x1024.jpg 768w, https:\/\/pousadapequizeiro.com.br\/wp-site\/wp-content\/uploads\/2025\/02\/IMG_2147-scaled-350x467.jpg 350w, https:\/\/pousadapequizeiro.com.br\/wp-site\/wp-content\/uploads\/2025\/02\/IMG_2147-225x300.jpg 225w, https:\/\/pousadapequizeiro.com.br\/wp-site\/wp-content\/uploads\/2025\/02\/IMG_2147-1152x1536.jpg 1152w, https:\/\/pousadapequizeiro.com.br\/wp-site\/wp-content\/uploads\/2025\/02\/IMG_2147-1536x2048.jpg 1536w, https:\/\/pousadapequizeiro.com.br\/wp-site\/wp-content\/uploads\/2025\/02\/IMG_2147-scaled.jpg 1920w\" sizes=\"(max-width: 767px) 89vw, (max-width: 1000px) 54vw, (max-width: 1071px) 543px, 580px\" \/><\/a><\/figure>\n\n\n\n<figure class=\"wp-block-image\"><a href=\"https:\/\/pousadapequizeiro.com.br\/wp-site\/wp-content\/uploads\/2019\/10\/web_IMG_3746.jpg\"><img decoding=\"async\" width=\"769\" height=\"1024\" data-id=\"887\" src=\"https:\/\/pousadapequizeiro.com.br\/wp-site\/wp-content\/uploads\/2019\/10\/web_IMG_3746-769x1024.jpg\" alt=\"Cozinha - Hostel &amp; Camping Cavalcante\" class=\"wp-image-887\" srcset=\"https:\/\/pousadapequizeiro.com.br\/wp-site\/wp-content\/uploads\/2019\/10\/web_IMG_3746-769x1024.jpg 769w, https:\/\/pousadapequizeiro.com.br\/wp-site\/wp-content\/uploads\/2019\/10\/web_IMG_3746-350x466.jpg 350w, https:\/\/pousadapequizeiro.com.br\/wp-site\/wp-content\/uploads\/2019\/10\/web_IMG_3746-225x300.jpg 225w, https:\/\/pousadapequizeiro.com.br\/wp-site\/wp-content\/uploads\/2019\/10\/web_IMG_3746-768x1023.jpg 768w, https:\/\/pousadapequizeiro.com.br\/wp-site\/wp-content\/uploads\/2019\/10\/web_IMG_3746.jpg 1441w\" sizes=\"(max-width: 767px) 89vw, (max-width: 1000px) 54vw, (max-width: 1071px) 543px, 580px\" \/><\/a><\/figure>\n\n\n\n<figure class=\"wp-block-image\"><a href=\"https:\/\/pousadapequizeiro.com.br\/wp-site\/wp-content\/uploads\/2019\/10\/web_IMG_3685.jpg\"><img loading=\"lazy\" decoding=\"async\" width=\"1024\" height=\"769\" data-id=\"886\" src=\"https:\/\/pousadapequizeiro.com.br\/wp-site\/wp-content\/uploads\/2019\/10\/web_IMG_3685-1024x769.jpg\" alt=\"Rancho - Hostel &amp; Camping Cavalcante\" class=\"wp-image-886\" srcset=\"https:\/\/pousadapequizeiro.com.br\/wp-site\/wp-content\/uploads\/2019\/10\/web_IMG_3685-1024x769.jpg 1024w, https:\/\/pousadapequizeiro.com.br\/wp-site\/wp-content\/uploads\/2019\/10\/web_IMG_3685-350x263.jpg 350w, https:\/\/pousadapequizeiro.com.br\/wp-site\/wp-content\/uploads\/2019\/10\/web_IMG_3685-300x225.jpg 300w, https:\/\/pousadapequizeiro.com.br\/wp-site\/wp-content\/uploads\/2019\/10\/web_IMG_3685-768x576.jpg 768w, https:\/\/pousadapequizeiro.com.br\/wp-site\/wp-content\/uploads\/2019\/10\/web_IMG_3685.jpg 1920w\" sizes=\"(max-width: 767px) 89vw, (max-width: 1000px) 54vw, (max-width: 1071px) 543px, 580px\" \/><\/a><\/figure>\n\n\n\n<figure class=\"wp-block-image size-large\"><a href=\"https:\/\/pousadapequizeiro.com.br\/wp-site\/wp-content\/uploads\/2019\/10\/web_AC1A0300.jpg\"><img loading=\"lazy\" decoding=\"async\" width=\"1024\" height=\"683\" data-id=\"881\" src=\"https:\/\/pousadapequizeiro.com.br\/wp-site\/wp-content\/uploads\/2019\/10\/web_AC1A0300-1024x683.jpg\" alt=\"\" class=\"wp-image-881\" srcset=\"https:\/\/pousadapequizeiro.com.br\/wp-site\/wp-content\/uploads\/2019\/10\/web_AC1A0300-1024x683.jpg 1024w, https:\/\/pousadapequizeiro.com.br\/wp-site\/wp-content\/uploads\/2019\/10\/web_AC1A0300-350x233.jpg 350w, https:\/\/pousadapequizeiro.com.br\/wp-site\/wp-content\/uploads\/2019\/10\/web_AC1A0300-300x200.jpg 300w, https:\/\/pousadapequizeiro.com.br\/wp-site\/wp-content\/uploads\/2019\/10\/web_AC1A0300-768x512.jpg 768w, https:\/\/pousadapequizeiro.com.br\/wp-site\/wp-content\/uploads\/2019\/10\/web_AC1A0300.jpg 1920w\" sizes=\"(max-width: 767px) 89vw, (max-width: 1000px) 54vw, (max-width: 1071px) 543px, 580px\" \/><\/a><\/figure>\n\n\n\n<figure class=\"wp-block-image\"><a href=\"https:\/\/pousadapequizeiro.com.br\/wp-site\/wp-content\/uploads\/2019\/10\/web_IMG_3683.jpg\"><img loading=\"lazy\" decoding=\"async\" width=\"1024\" height=\"769\" data-id=\"882\" src=\"https:\/\/pousadapequizeiro.com.br\/wp-site\/wp-content\/uploads\/2019\/10\/web_IMG_3683-1024x769.jpg\" alt=\"Areas de uso comum - Hostel &amp; Camping Cavalcante\" class=\"wp-image-882\" srcset=\"https:\/\/pousadapequizeiro.com.br\/wp-site\/wp-content\/uploads\/2019\/10\/web_IMG_3683-1024x769.jpg 1024w, https:\/\/pousadapequizeiro.com.br\/wp-site\/wp-content\/uploads\/2019\/10\/web_IMG_3683-350x263.jpg 350w, https:\/\/pousadapequizeiro.com.br\/wp-site\/wp-content\/uploads\/2019\/10\/web_IMG_3683-300x225.jpg 300w, https:\/\/pousadapequizeiro.com.br\/wp-site\/wp-content\/uploads\/2019\/10\/web_IMG_3683-768x576.jpg 768w, https:\/\/pousadapequizeiro.com.br\/wp-site\/wp-content\/uploads\/2019\/10\/web_IMG_3683.jpg 1920w\" sizes=\"(max-width: 767px) 89vw, (max-width: 1000px) 54vw, (max-width: 1071px) 543px, 580px\" \/><\/a><\/figure>\n\n\n\n<figure class=\"wp-block-image\"><a href=\"https:\/\/pousadapequizeiro.com.br\/wp-site\/wp-content\/uploads\/2019\/10\/banheiros.jpg\"><img loading=\"lazy\" decoding=\"async\" width=\"1024\" height=\"683\" data-id=\"899\" src=\"https:\/\/pousadapequizeiro.com.br\/wp-site\/wp-content\/uploads\/2019\/10\/banheiros-1024x683.jpg\" alt=\"Areas de uso comum e banheiros- Hostel &amp; Camping Cavalcante\" class=\"wp-image-899\" srcset=\"https:\/\/pousadapequizeiro.com.br\/wp-site\/wp-content\/uploads\/2019\/10\/banheiros-1024x683.jpg 1024w, https:\/\/pousadapequizeiro.com.br\/wp-site\/wp-content\/uploads\/2019\/10\/banheiros-350x233.jpg 350w, https:\/\/pousadapequizeiro.com.br\/wp-site\/wp-content\/uploads\/2019\/10\/banheiros-300x200.jpg 300w, https:\/\/pousadapequizeiro.com.br\/wp-site\/wp-content\/uploads\/2019\/10\/banheiros-768x512.jpg 768w, https:\/\/pousadapequizeiro.com.br\/wp-site\/wp-content\/uploads\/2019\/10\/banheiros.jpg 1920w\" sizes=\"(max-width: 767px) 89vw, (max-width: 1000px) 54vw, (max-width: 1071px) 543px, 580px\" \/><\/a><\/figure>\n\n\n\n<figure class=\"wp-block-image size-large\"><a href=\"https:\/\/pousadapequizeiro.com.br\/wp-site\/wp-content\/uploads\/2018\/06\/EDIT_DSC1111-e1529968548311.jpg\"><img loading=\"lazy\" decoding=\"async\" width=\"1024\" height=\"680\" data-id=\"465\" src=\"https:\/\/pousadapequizeiro.com.br\/wp-site\/wp-content\/uploads\/2018\/06\/EDIT_DSC1111-1024x680.jpg\" alt=\"\" class=\"wp-image-465\"\/><\/a><\/figure>\n\n\n\n<figure class=\"wp-block-image\"><a href=\"https:\/\/pousadapequizeiro.com.br\/wp-site\/wp-content\/uploads\/2019\/10\/web_IMG_3707.jpg\"><img loading=\"lazy\" decoding=\"async\" width=\"1024\" height=\"769\" data-id=\"883\" src=\"https:\/\/pousadapequizeiro.com.br\/wp-site\/wp-content\/uploads\/2019\/10\/web_IMG_3707-1024x769.jpg\" alt=\"\u00c1rea para Fogueira - Hostel &amp; Camping Cavalcante\" class=\"wp-image-883\" srcset=\"https:\/\/pousadapequizeiro.com.br\/wp-site\/wp-content\/uploads\/2019\/10\/web_IMG_3707-1024x769.jpg 1024w, https:\/\/pousadapequizeiro.com.br\/wp-site\/wp-content\/uploads\/2019\/10\/web_IMG_3707-350x263.jpg 350w, https:\/\/pousadapequizeiro.com.br\/wp-site\/wp-content\/uploads\/2019\/10\/web_IMG_3707-300x225.jpg 300w, https:\/\/pousadapequizeiro.com.br\/wp-site\/wp-content\/uploads\/2019\/10\/web_IMG_3707-768x576.jpg 768w, https:\/\/pousadapequizeiro.com.br\/wp-site\/wp-content\/uploads\/2019\/10\/web_IMG_3707.jpg 1920w\" sizes=\"(max-width: 767px) 89vw, (max-width: 1000px) 54vw, (max-width: 1071px) 543px, 580px\" \/><\/a><\/figure>\n<\/figure>\n\n\n\n<p>Uma das grandes vantagens de optar por se hospedar em na Pequizeiro Eco Pousada \u00e9 que oferecemos estrutura para uso coletivo dos hospedes, tais como:<\/p>\n\n\n\n<ul class=\"wp-block-list\">\n<li>Cozinha compartilhada; <\/li>\n\n\n\n<li>Tenda com mesas e cadeiras; <\/li>\n\n\n\n<li>Wi-Fi gratuito (fibra \u00f3tica de 300 Mb)<\/li>\n\n\n\n<li>Red\u00e1rio;<\/li>\n\n\n\n<li>Lugar para fogueira; <\/li>\n\n\n\n<li>Churrasqueira;<\/li>\n\n\n\n<li>Mesas ao ar livre <\/li>\n\n\n\n<li>e Ducha externa.<\/li>\n<\/ul>\n\n\n\n<p>Nossa Cozinha Coletiva conta com uma estrutura completa: fog\u00e3o, geladeira, forno, liquidificador, sanduicheira, panelas, pratos, copos e talheres.<\/p>\n\n\n\n<p>No refeit\u00f3rio todos alimentos  podem ser preparados e armazenados, assim como carnes e bebidas.<\/p>\n\n\n\n<p>Outro benef\u00edcio de se hospedar com a gente \u00e9 que os h\u00f3spedes acabam se enturmando, compartilhando passeios e trocando experi\u00eancias.<\/p>\n\n\n\n<p>Todos s\u00e3o bem vindos e respeitados em nosso espa\u00e7o. Respeite as diferen\u00e7as.<\/p>\n","protected":false},"excerpt":{"rendered":"<p>Uma das grandes vantagens de optar por se hospedar em na Pequizeiro Eco Pousada \u00e9 que oferecemos estrutura para uso coletivo dos hospedes, tais como: Nossa Cozinha Coletiva conta com uma estrutura completa: fog\u00e3o, geladeira, forno, liquidificador, sanduicheira, panelas, pratos, copos e talheres. No refeit\u00f3rio todos alimentos podem ser preparados e armazenados, assim como carnes &hellip; <\/p>\n<p class=\"link-more\"><a href=\"https:\/\/pousadapequizeiro.com.br\/wp-site\/areas-coletivas\/\" class=\"more-link\">Continue lendo<span class=\"screen-reader-text\"> &#8220;\u00c1reas de Uso Coletivo&#8221;<\/span><\/a><\/p>\n","protected":false},"author":1,"featured_media":0,"parent":0,"menu_order":0,"comment_status":"closed","ping_status":"closed","template":"","meta":{"footnotes":""},"class_list":["post-42","page","type-page","status-publish","hentry"],"yoast_head":"<!-- This site is optimized with the Yoast SEO plugin v27.5 - https:\/\/yoast.com\/product\/yoast-seo-wordpress\/ -->\n<title>\u00c1reas de Uso Coletivo - Pequizeiro Eco Pousada Eco Pousada - Chapada dos Veadeiros<\/title>\n<meta name=\"description\" content=\"\u00c1reas de Uso Coletivo - Pequizeiro Eco Pousada Eco Pousada - Hospedagem Sustent\u00e1vel na Chapada dos Veadeiros - Cavalcante - GO\" \/>\n<meta name=\"robots\" content=\"index, follow, max-snippet:-1, max-image-preview:large, max-video-preview:-1\" \/>\n<link rel=\"canonical\" href=\"https:\/\/pousadapequizeiro.com.br\/wp-site\/areas-coletivas\/\" \/>\n<meta property=\"og:locale\" content=\"pt_BR\" \/>\n<meta property=\"og:type\" content=\"article\" \/>\n<meta property=\"og:title\" content=\"\u00c1reas de Uso Coletivo - Pequizeiro Eco Pousada Eco Pousada - Chapada dos Veadeiros\" \/>\n<meta property=\"og:description\" content=\"\u00c1reas de Uso Coletivo - Pequizeiro Eco Pousada Eco Pousada - Hospedagem Sustent\u00e1vel na Chapada dos Veadeiros - Cavalcante - GO\" \/>\n<meta property=\"og:url\" content=\"https:\/\/pousadapequizeiro.com.br\/wp-site\/areas-coletivas\/\" \/>\n<meta property=\"og:site_name\" content=\"Pequizeiro Eco Pousada\" \/>\n<meta property=\"article:publisher\" content=\"https:\/\/www.facebook.com\/pequizeiroecopousada\" \/>\n<meta property=\"article:modified_time\" content=\"2025-02-25T21:51:42+00:00\" \/>\n<meta property=\"og:image\" content=\"https:\/\/pousadapequizeiro.com.br\/wp-site\/wp-content\/uploads\/2025\/02\/IMG_20250205_153458-scaled.jpg\" \/>\n\t<meta property=\"og:image:width\" content=\"2560\" \/>\n\t<meta property=\"og:image:height\" content=\"1152\" \/>\n\t<meta property=\"og:image:type\" content=\"image\/jpeg\" \/>\n<meta name=\"twitter:card\" content=\"summary_large_image\" \/>\n<meta name=\"twitter:label1\" content=\"Est. tempo de leitura\" \/>\n\t<meta name=\"twitter:data1\" content=\"3 minutos\" \/>\n<script type=\"application\/ld+json\" class=\"yoast-schema-graph\">{\"@context\":\"https:\\\/\\\/schema.org\",\"@graph\":[{\"@type\":\"WebPage\",\"@id\":\"https:\\\/\\\/pousadapequizeiro.com.br\\\/wp-site\\\/areas-coletivas\\\/\",\"url\":\"https:\\\/\\\/pousadapequizeiro.com.br\\\/wp-site\\\/areas-coletivas\\\/\",\"name\":\"\u00c1reas de Uso Coletivo - Pequizeiro Eco Pousada Eco Pousada - Chapada dos Veadeiros\",\"isPartOf\":{\"@id\":\"https:\\\/\\\/pousadapequizeiro.com.br\\\/wp-site\\\/#website\"},\"primaryImageOfPage\":{\"@id\":\"https:\\\/\\\/pousadapequizeiro.com.br\\\/wp-site\\\/areas-coletivas\\\/#primaryimage\"},\"image\":{\"@id\":\"https:\\\/\\\/pousadapequizeiro.com.br\\\/wp-site\\\/areas-coletivas\\\/#primaryimage\"},\"thumbnailUrl\":\"https:\\\/\\\/pousadapequizeiro.com.br\\\/wp-site\\\/wp-content\\\/uploads\\\/2025\\\/02\\\/IMG_20250205_153458-1024x461.jpg\",\"datePublished\":\"2016-07-07T00:22:44+00:00\",\"dateModified\":\"2025-02-25T21:51:42+00:00\",\"description\":\"\u00c1reas de Uso Coletivo - Pequizeiro Eco Pousada Eco Pousada - Hospedagem Sustent\u00e1vel na Chapada dos Veadeiros - Cavalcante - GO\",\"breadcrumb\":{\"@id\":\"https:\\\/\\\/pousadapequizeiro.com.br\\\/wp-site\\\/areas-coletivas\\\/#breadcrumb\"},\"inLanguage\":\"pt-BR\",\"potentialAction\":[{\"@type\":\"ReadAction\",\"target\":[\"https:\\\/\\\/pousadapequizeiro.com.br\\\/wp-site\\\/areas-coletivas\\\/\"]}]},{\"@type\":\"ImageObject\",\"inLanguage\":\"pt-BR\",\"@id\":\"https:\\\/\\\/pousadapequizeiro.com.br\\\/wp-site\\\/areas-coletivas\\\/#primaryimage\",\"url\":\"https:\\\/\\\/pousadapequizeiro.com.br\\\/wp-site\\\/wp-content\\\/uploads\\\/2025\\\/02\\\/IMG_20250205_153458-scaled.jpg\",\"contentUrl\":\"https:\\\/\\\/pousadapequizeiro.com.br\\\/wp-site\\\/wp-content\\\/uploads\\\/2025\\\/02\\\/IMG_20250205_153458-scaled.jpg\",\"width\":2560,\"height\":1152},{\"@type\":\"BreadcrumbList\",\"@id\":\"https:\\\/\\\/pousadapequizeiro.com.br\\\/wp-site\\\/areas-coletivas\\\/#breadcrumb\",\"itemListElement\":[{\"@type\":\"ListItem\",\"position\":1,\"name\":\"In\u00edcio\",\"item\":\"https:\\\/\\\/pousadapequizeiro.com.br\\\/wp-site\\\/\"},{\"@type\":\"ListItem\",\"position\":2,\"name\":\"\u00c1reas de Uso Coletivo\"}]},{\"@type\":\"WebSite\",\"@id\":\"https:\\\/\\\/pousadapequizeiro.com.br\\\/wp-site\\\/#website\",\"url\":\"https:\\\/\\\/pousadapequizeiro.com.br\\\/wp-site\\\/\",\"name\":\"Pequizeiro\",\"description\":\"Conforto, tranquilidade e experi\u00eancias \u00fanicas na Chapada dos Veadeiros\",\"publisher\":{\"@id\":\"https:\\\/\\\/pousadapequizeiro.com.br\\\/wp-site\\\/#organization\"},\"alternateName\":\"EcoPousada Pequizeiro - Hospedagem Sustent\u00e1vel na Chapada dos Veadeiros\",\"potentialAction\":[{\"@type\":\"SearchAction\",\"target\":{\"@type\":\"EntryPoint\",\"urlTemplate\":\"https:\\\/\\\/pousadapequizeiro.com.br\\\/wp-site\\\/?s={search_term_string}\"},\"query-input\":{\"@type\":\"PropertyValueSpecification\",\"valueRequired\":true,\"valueName\":\"search_term_string\"}}],\"inLanguage\":\"pt-BR\"},{\"@type\":\"Organization\",\"@id\":\"https:\\\/\\\/pousadapequizeiro.com.br\\\/wp-site\\\/#organization\",\"name\":\"Pequizeiro Eco Pousada\",\"alternateName\":\"EcoPousada Pequizeiro - Hospedagem Sustent\u00e1vel na Chapada dos Veadeiros\",\"url\":\"https:\\\/\\\/pousadapequizeiro.com.br\\\/wp-site\\\/\",\"logo\":{\"@type\":\"ImageObject\",\"inLanguage\":\"pt-BR\",\"@id\":\"https:\\\/\\\/pousadapequizeiro.com.br\\\/wp-site\\\/#\\\/schema\\\/logo\\\/image\\\/\",\"url\":\"https:\\\/\\\/pousadapequizeiro.com.br\\\/wp-site\\\/wp-content\\\/uploads\\\/2025\\\/01\\\/Pequizeiro-Eco-Pousada_transp.png\",\"contentUrl\":\"https:\\\/\\\/pousadapequizeiro.com.br\\\/wp-site\\\/wp-content\\\/uploads\\\/2025\\\/01\\\/Pequizeiro-Eco-Pousada_transp.png\",\"width\":500,\"height\":500,\"caption\":\"Pequizeiro Eco Pousada\"},\"image\":{\"@id\":\"https:\\\/\\\/pousadapequizeiro.com.br\\\/wp-site\\\/#\\\/schema\\\/logo\\\/image\\\/\"},\"sameAs\":[\"https:\\\/\\\/www.facebook.com\\\/pequizeiroecopousada\",\"https:\\\/\\\/www.instagram.com\\\/pequizeiroecopousada\\\/\",\"https:\\\/\\\/www.tiktok.com\\\/@pequizeiroecopousada\"]}]}<\/script>\n<!-- \/ Yoast SEO plugin. -->","yoast_head_json":{"title":"\u00c1reas de Uso Coletivo - Pequizeiro Eco Pousada Eco Pousada - Chapada dos Veadeiros","description":"\u00c1reas de Uso Coletivo - Pequizeiro Eco Pousada Eco Pousada - Hospedagem Sustent\u00e1vel na Chapada dos Veadeiros - Cavalcante - GO","robots":{"index":"index","follow":"follow","max-snippet":"max-snippet:-1","max-image-preview":"max-image-preview:large","max-video-preview":"max-video-preview:-1"},"canonical":"https:\/\/pousadapequizeiro.com.br\/wp-site\/areas-coletivas\/","og_locale":"pt_BR","og_type":"article","og_title":"\u00c1reas de Uso Coletivo - Pequizeiro Eco Pousada Eco Pousada - Chapada dos Veadeiros","og_description":"\u00c1reas de Uso Coletivo - Pequizeiro Eco Pousada Eco Pousada - Hospedagem Sustent\u00e1vel na Chapada dos Veadeiros - Cavalcante - GO","og_url":"https:\/\/pousadapequizeiro.com.br\/wp-site\/areas-coletivas\/","og_site_name":"Pequizeiro Eco Pousada","article_publisher":"https:\/\/www.facebook.com\/pequizeiroecopousada","article_modified_time":"2025-02-25T21:51:42+00:00","og_image":[{"width":2560,"height":1152,"url":"https:\/\/pousadapequizeiro.com.br\/wp-site\/wp-content\/uploads\/2025\/02\/IMG_20250205_153458-scaled.jpg","type":"image\/jpeg"}],"twitter_card":"summary_large_image","twitter_misc":{"Est. tempo de leitura":"3 minutos"},"schema":{"@context":"https:\/\/schema.org","@graph":[{"@type":"WebPage","@id":"https:\/\/pousadapequizeiro.com.br\/wp-site\/areas-coletivas\/","url":"https:\/\/pousadapequizeiro.com.br\/wp-site\/areas-coletivas\/","name":"\u00c1reas de Uso Coletivo - Pequizeiro Eco Pousada Eco Pousada - Chapada dos Veadeiros","isPartOf":{"@id":"https:\/\/pousadapequizeiro.com.br\/wp-site\/#website"},"primaryImageOfPage":{"@id":"https:\/\/pousadapequizeiro.com.br\/wp-site\/areas-coletivas\/#primaryimage"},"image":{"@id":"https:\/\/pousadapequizeiro.com.br\/wp-site\/areas-coletivas\/#primaryimage"},"thumbnailUrl":"https:\/\/pousadapequizeiro.com.br\/wp-site\/wp-content\/uploads\/2025\/02\/IMG_20250205_153458-1024x461.jpg","datePublished":"2016-07-07T00:22:44+00:00","dateModified":"2025-02-25T21:51:42+00:00","description":"\u00c1reas de Uso Coletivo - Pequizeiro Eco Pousada Eco Pousada - Hospedagem Sustent\u00e1vel na Chapada dos Veadeiros - Cavalcante - GO","breadcrumb":{"@id":"https:\/\/pousadapequizeiro.com.br\/wp-site\/areas-coletivas\/#breadcrumb"},"inLanguage":"pt-BR","potentialAction":[{"@type":"ReadAction","target":["https:\/\/pousadapequizeiro.com.br\/wp-site\/areas-coletivas\/"]}]},{"@type":"ImageObject","inLanguage":"pt-BR","@id":"https:\/\/pousadapequizeiro.com.br\/wp-site\/areas-coletivas\/#primaryimage","url":"https:\/\/pousadapequizeiro.com.br\/wp-site\/wp-content\/uploads\/2025\/02\/IMG_20250205_153458-scaled.jpg","contentUrl":"https:\/\/pousadapequizeiro.com.br\/wp-site\/wp-content\/uploads\/2025\/02\/IMG_20250205_153458-scaled.jpg","width":2560,"height":1152},{"@type":"BreadcrumbList","@id":"https:\/\/pousadapequizeiro.com.br\/wp-site\/areas-coletivas\/#breadcrumb","itemListElement":[{"@type":"ListItem","position":1,"name":"In\u00edcio","item":"https:\/\/pousadapequizeiro.com.br\/wp-site\/"},{"@type":"ListItem","position":2,"name":"\u00c1reas de Uso Coletivo"}]},{"@type":"WebSite","@id":"https:\/\/pousadapequizeiro.com.br\/wp-site\/#website","url":"https:\/\/pousadapequizeiro.com.br\/wp-site\/","name":"Pequizeiro","description":"Conforto, tranquilidade e experi\u00eancias \u00fanicas na Chapada dos Veadeiros","publisher":{"@id":"https:\/\/pousadapequizeiro.com.br\/wp-site\/#organization"},"alternateName":"EcoPousada Pequizeiro - Hospedagem Sustent\u00e1vel na Chapada dos Veadeiros","potentialAction":[{"@type":"SearchAction","target":{"@type":"EntryPoint","urlTemplate":"https:\/\/pousadapequizeiro.com.br\/wp-site\/?s={search_term_string}"},"query-input":{"@type":"PropertyValueSpecification","valueRequired":true,"valueName":"search_term_string"}}],"inLanguage":"pt-BR"},{"@type":"Organization","@id":"https:\/\/pousadapequizeiro.com.br\/wp-site\/#organization","name":"Pequizeiro Eco Pousada","alternateName":"EcoPousada Pequizeiro - Hospedagem Sustent\u00e1vel na Chapada dos Veadeiros","url":"https:\/\/pousadapequizeiro.com.br\/wp-site\/","logo":{"@type":"ImageObject","inLanguage":"pt-BR","@id":"https:\/\/pousadapequizeiro.com.br\/wp-site\/#\/schema\/logo\/image\/","url":"https:\/\/pousadapequizeiro.com.br\/wp-site\/wp-content\/uploads\/2025\/01\/Pequizeiro-Eco-Pousada_transp.png","contentUrl":"https:\/\/pousadapequizeiro.com.br\/wp-site\/wp-content\/uploads\/2025\/01\/Pequizeiro-Eco-Pousada_transp.png","width":500,"height":500,"caption":"Pequizeiro Eco Pousada"},"image":{"@id":"https:\/\/pousadapequizeiro.com.br\/wp-site\/#\/schema\/logo\/image\/"},"sameAs":["https:\/\/www.facebook.com\/pequizeiroecopousada","https:\/\/www.instagram.com\/pequizeiroecopousada\/","https:\/\/www.tiktok.com\/@pequizeiroecopousada"]}]}},"_links":{"self":[{"href":"https:\/\/pousadapequizeiro.com.br\/wp-site\/wp-json\/wp\/v2\/pages\/42","targetHints":{"allow":["GET"]}}],"collection":[{"href":"https:\/\/pousadapequizeiro.com.br\/wp-site\/wp-json\/wp\/v2\/pages"}],"about":[{"href":"https:\/\/pousadapequizeiro.com.br\/wp-site\/wp-json\/wp\/v2\/types\/page"}],"author":[{"embeddable":true,"href":"https:\/\/pousadapequizeiro.com.br\/wp-site\/wp-json\/wp\/v2\/users\/1"}],"replies":[{"embeddable":true,"href":"https:\/\/pousadapequizeiro.com.br\/wp-site\/wp-json\/wp\/v2\/comments?post=42"}],"version-history":[{"count":26,"href":"https:\/\/pousadapequizeiro.com.br\/wp-site\/wp-json\/wp\/v2\/pages\/42\/revisions"}],"predecessor-version":[{"id":1432,"href":"https:\/\/pousadapequizeiro.com.br\/wp-site\/wp-json\/wp\/v2\/pages\/42\/revisions\/1432"}],"wp:attachment":[{"href":"https:\/\/pousadapequizeiro.com.br\/wp-site\/wp-json\/wp\/v2\/media?parent=42"}],"curies":[{"name":"wp","href":"https:\/\/api.w.org\/{rel}","templated":true}]}}